{"id":8095,"date":"2022-01-06T15:14:16","date_gmt":"2022-01-06T14:14:16","guid":{"rendered":"https:\/\/www.bonals.com\/nouvelles\/"},"modified":"2024-04-24T14:34:47","modified_gmt":"2024-04-24T12:34:47","slug":"nouvelles","status":"publish","type":"page","link":"https:\/\/www.bonals.com\/fr\/nouvelles\/","title":{"rendered":"Actualit\u00e9s"},"content":{"rendered":"[vc_row full_width=\u00a0\u00bbstretch_row\u00a0\u00bb css=\u00a0\u00bb.vc_custom_1675436228337{padding-top: 200px !important;padding-bottom: 150px !important;background-image: url(https:\/\/www.bonals.com\/wp-content\/uploads\/2023\/02\/Sin-titulo-14-1.png?id=11869) !important;background-position: center !important;background-repeat: no-repeat !important;background-size: cover !important;}\u00a0\u00bb][vc_column][vc_column_text text_align=\u00a0\u00bbcenter\u00a0\u00bb color=\u00a0\u00bb#068ca9&Prime; font_size=\u00a0\u00bb32&Prime;][\/vc_column_text][\/vc_column][\/vc_row][vc_row][vc_column][vc_empty_space height=\u00a0\u00bb60px\u00a0\u00bb]<h1 class=\"vcex-heading vcex-module wpex-text-2xl wpex-font-normal wpex-m-auto wpex-max-w-100 vcex-heading-plain wpex-block wpex-text-left\" style=\"color:#000000;font-size:32px;\"><span class=\"vcex-heading-inner wpex-inline-block wpex-clr\">NOUVELLES ET EV\u00c8NEMENTS<\/span><\/h1>[vc_column_text]D\u00e9couvrez toutes nos derni\u00e8res actualit\u00e9s et \u00e9v\u00e9nements.[\/vc_column_text][vc_empty_space]<div class=\"vcex-module vcex-post-type-grid-wrap wpex-clr\"><ul class=\"vcex-post-type-filter vcex-filter-links wpex-clr center\"><li class=\"active\"><a href=\"#\" data-filter=\"*\" class=\"theme-button minimal-border\"><span>Tous<\/span><\/a><\/li><li class=\"filter-cat-92\"><a href=\"#\" data-filter=\".cat-92\" class=\"theme-button minimal-border\">Articles<\/a><\/li><li class=\"filter-cat-81\"><a href=\"#\" data-filter=\".cat-81\" class=\"theme-button minimal-border\">Salons<\/a><\/li><\/ul><div class=\"wpex-row vcex-post-type-grid entries wpex-clr vcex-isotope-grid match-height-grid\" data-layout-mode=\"fitRows\"><div class=\"vcex-post-type-entry vcex-grid-item wpex-clr col span_1_of_3 vcex-isotope-entry col-1 post-12571 entry type-post has-media cat-92 cat-81 translation_priority-83\"><div class=\"vcex-post-type-entry-inner entry-inner wpex-first-mt-0 wpex-last-mb-0 wpex-clr\"><div class=\"vcex-post-type-entry-media entry-media\"><a href=\"https:\/\/www.bonals.com\/fr\/bonals-propak-asia\/\" title=\"Une autre P40 part en Afrique !\"><img decoding=\"async\" data-no-lazy=\"1\" class=\"vcex-blog-entry-img wpex-align-middle skip-lazy\" src=\"https:\/\/www.bonals.com\/wp-content\/uploads\/2024\/04\/provisional.png\" alt=\"\" width=\"1519\" height=\"1080\" \/><\/a><\/div><div class=\"vcex-post-type-entry-details entry-details wpex-bordered wpex-first-mt-0 wpex-last-mb-0 wpex-clr\"><div class=\"match-height-content\"><h2 class=\"vcex-post-type-entry-title entry-title wpex-mb-5\" ><a href=\"https:\/\/www.bonals.com\/fr\/bonals-propak-asia\/\">Une autre P40 part en Afrique !<\/a><\/h2 ><div class=\"vcex-post-type-entry-date entry-date wpex-text-sm wpex-text-gray-600 wpex-mb-5\">04\/24\/2024<\/div><div class=\"vcex-post-type-entry-excerpt entry-excerpt wpex-my-15 wpex-last-mb-0 wpex-clr\"><p>\u2b50 Les experts du compactage au salon ProPak Asia ! \ud83d\udc40\u2699 Cherchez nous dans le hall central! Durant cette \u00e9dition&hellip;<\/p><\/div><div class=\"vcex-post-type-entry-readmore-wrap entry-readmore-wrap wpex-my-15 wpex-clr\"><a href=\"https:\/\/www.bonals.com\/fr\/bonals-propak-asia\/\" class=\"theme-button\">Lire la suite <span class=\"vcex-readmore-rarr\">&rarr;<\/span><\/a><\/div><\/div><\/div><\/div><\/div><div class=\"vcex-post-type-entry vcex-grid-item wpex-clr col span_1_of_3 vcex-isotope-entry col-2 post-12524 entry type-post has-media cat-92 cat-81 translation_priority-83\"><div class=\"vcex-post-type-entry-inner entry-inner wpex-first-mt-0 wpex-last-mb-0 wpex-clr\"><div class=\"vcex-post-type-entry-media entry-media\"><a href=\"https:\/\/www.bonals.com\/fr\/bonalsp40africa\/\" title=\"Une autre P40 part en Afrique !\"><img decoding=\"async\" data-no-lazy=\"1\" class=\"vcex-blog-entry-img wpex-align-middle skip-lazy\" src=\"https:\/\/www.bonals.com\/wp-content\/uploads\/2024\/01\/P40_Africa-scaled.jpg\" alt=\"\" width=\"2560\" height=\"1707\" \/><\/a><\/div><div class=\"vcex-post-type-entry-details entry-details wpex-bordered wpex-first-mt-0 wpex-last-mb-0 wpex-clr\"><div class=\"match-height-content\"><h2 class=\"vcex-post-type-entry-title entry-title wpex-mb-5\" ><a href=\"https:\/\/www.bonals.com\/fr\/bonalsp40africa\/\">Une autre P40 part en Afrique !<\/a><\/h2 ><div class=\"vcex-post-type-entry-date entry-date wpex-text-sm wpex-text-gray-600 wpex-mb-5\">01\/15\/2024<\/div><div class=\"vcex-post-type-entry-excerpt entry-excerpt wpex-my-15 wpex-last-mb-0 wpex-clr\"><p>\ud83c\udf0d Une autre P40 part en Afrique pour travailler \u00e0 grande vitesse sur la production de tablettes. Pour voir toutes&hellip;<\/p><\/div><div class=\"vcex-post-type-entry-readmore-wrap entry-readmore-wrap wpex-my-15 wpex-clr\"><a href=\"https:\/\/www.bonals.com\/fr\/bonalsp40africa\/\" class=\"theme-button\">Lire la suite <span class=\"vcex-readmore-rarr\">&rarr;<\/span><\/a><\/div><\/div><\/div><\/div><\/div><div class=\"vcex-post-type-entry vcex-grid-item wpex-clr col span_1_of_3 vcex-isotope-entry col-3 post-12487 entry type-post has-media cat-92 cat-81 translation_priority-83\"><div class=\"vcex-post-type-entry-inner entry-inner wpex-first-mt-0 wpex-last-mb-0 wpex-clr\"><div class=\"vcex-post-type-entry-media entry-media\"><a href=\"https:\/\/www.bonals.com\/fr\/bonals-technologies-invite-sur-bfm-tv\/\" title=\"Bonals Technologies invit\u00e9 sur BFM TV\"><img decoding=\"async\" data-no-lazy=\"1\" class=\"vcex-blog-entry-img wpex-align-middle skip-lazy\" src=\"https:\/\/www.bonals.com\/wp-content\/uploads\/2023\/11\/FR_TV.jpg\" alt=\"\" width=\"1335\" height=\"945\" \/><\/a><\/div><div class=\"vcex-post-type-entry-details entry-details wpex-bordered wpex-first-mt-0 wpex-last-mb-0 wpex-clr\"><div class=\"match-height-content\"><h2 class=\"vcex-post-type-entry-title entry-title wpex-mb-5\" ><a href=\"https:\/\/www.bonals.com\/fr\/bonals-technologies-invite-sur-bfm-tv\/\">Bonals Technologies invit\u00e9 sur BFM TV<\/a><\/h2 ><div class=\"vcex-post-type-entry-date entry-date wpex-text-sm wpex-text-gray-600 wpex-mb-5\">11\/29\/2023<\/div><div class=\"vcex-post-type-entry-excerpt entry-excerpt wpex-my-15 wpex-last-mb-0 wpex-clr\"><p>Nous avons pu revenir sur l\u00b4histoire de notre entreprise centenaire Bonals Technologies, via son PDG Philippe Taste, a \u00e9t\u00e9 interview\u00e9&hellip;<\/p><\/div><div class=\"vcex-post-type-entry-readmore-wrap entry-readmore-wrap wpex-my-15 wpex-clr\"><a href=\"https:\/\/www.bonals.com\/fr\/bonals-technologies-invite-sur-bfm-tv\/\" class=\"theme-button\">Lire la suite <span class=\"vcex-readmore-rarr\">&rarr;<\/span><\/a><\/div><\/div><\/div><\/div><\/div><div class=\"vcex-post-type-entry vcex-grid-item wpex-clr col span_1_of_3 vcex-isotope-entry col-1 post-12277 entry type-post has-media cat-92 cat-81 translation_priority-83\"><div class=\"vcex-post-type-entry-inner entry-inner wpex-first-mt-0 wpex-last-mb-0 wpex-clr\"><div class=\"vcex-post-type-entry-media entry-media\"><a href=\"https:\/\/www.bonals.com\/fr\/bonals-technologies-a-la-conference\/\" title=\"Bonals Technologies \u00e0 la conf\u00e9rence\"><img decoding=\"async\" data-no-lazy=\"1\" class=\"vcex-blog-entry-img wpex-align-middle skip-lazy\" src=\"https:\/\/www.bonals.com\/wp-content\/uploads\/2023\/09\/Anthoyn_Cosmetic360.png\" alt=\"\" width=\"1417\" height=\"1004\" \/><\/a><\/div><div class=\"vcex-post-type-entry-details entry-details wpex-bordered wpex-first-mt-0 wpex-last-mb-0 wpex-clr\"><div class=\"match-height-content\"><h2 class=\"vcex-post-type-entry-title entry-title wpex-mb-5\" ><a href=\"https:\/\/www.bonals.com\/fr\/bonals-technologies-a-la-conference\/\">Bonals Technologies \u00e0 la conf\u00e9rence<\/a><\/h2 ><div class=\"vcex-post-type-entry-date entry-date wpex-text-sm wpex-text-gray-600 wpex-mb-5\">09\/20\/2023<\/div><div class=\"vcex-post-type-entry-excerpt entry-excerpt wpex-my-15 wpex-last-mb-0 wpex-clr\"><p>COSMETIC 360 approche et nous avons l'honneur d'annoncer notre pr\u00e9sence \u00e0 cette table ronde sur les nouvelles tendances de consommation&hellip;<\/p><\/div><div class=\"vcex-post-type-entry-readmore-wrap entry-readmore-wrap wpex-my-15 wpex-clr\"><a href=\"https:\/\/www.bonals.com\/fr\/bonals-technologies-a-la-conference\/\" class=\"theme-button\">Lire la suite <span class=\"vcex-readmore-rarr\">&rarr;<\/span><\/a><\/div><\/div><\/div><\/div><\/div><div class=\"vcex-post-type-entry vcex-grid-item wpex-clr col span_1_of_3 vcex-isotope-entry col-2 post-12472 entry type-post has-media cat-92 translation_priority-83\"><div class=\"vcex-post-type-entry-inner entry-inner wpex-first-mt-0 wpex-last-mb-0 wpex-clr\"><div class=\"vcex-post-type-entry-media entry-media\"><a href=\"https:\/\/www.bonals.com\/fr\/avantages-compactage\/\" title=\"Avantages du compactage\"><img decoding=\"async\" data-no-lazy=\"1\" class=\"vcex-blog-entry-img wpex-align-middle skip-lazy\" src=\"https:\/\/www.bonals.com\/wp-content\/uploads\/2023\/07\/ventajas-compactacion.jpg\" alt=\"Ventajas De La Compactaci\u00f3n\" width=\"1500\" height=\"972\" \/><\/a><\/div><div class=\"vcex-post-type-entry-details entry-details wpex-bordered wpex-first-mt-0 wpex-last-mb-0 wpex-clr\"><div class=\"match-height-content\"><h2 class=\"vcex-post-type-entry-title entry-title wpex-mb-5\" ><a href=\"https:\/\/www.bonals.com\/fr\/avantages-compactage\/\">Avantages du compactage<\/a><\/h2 ><div class=\"vcex-post-type-entry-date entry-date wpex-text-sm wpex-text-gray-600 wpex-mb-5\">09\/01\/2023<\/div><div class=\"vcex-post-type-entry-excerpt entry-excerpt wpex-my-15 wpex-last-mb-0 wpex-clr\">Nous vous expliquons tous les avantages que vous pouvez obtenir gr\u00e2ce au processus de compactage : des \u00e9conomies \u00e9conomiques au respect de l'environnement.<\/div><div class=\"vcex-post-type-entry-readmore-wrap entry-readmore-wrap wpex-my-15 wpex-clr\"><a href=\"https:\/\/www.bonals.com\/fr\/avantages-compactage\/\" class=\"theme-button\">Lire la suite <span class=\"vcex-readmore-rarr\">&rarr;<\/span><\/a><\/div><\/div><\/div><\/div><\/div><div class=\"vcex-post-type-entry vcex-grid-item wpex-clr col span_1_of_3 vcex-isotope-entry col-3 post-12465 entry type-post has-media cat-92 translation_priority-83\"><div class=\"vcex-post-type-entry-inner entry-inner wpex-first-mt-0 wpex-last-mb-0 wpex-clr\"><div class=\"vcex-post-type-entry-media entry-media\"><a href=\"https:\/\/www.bonals.com\/fr\/granulateur-quest-ce\/\" title=\"Qu&rsquo;est-ce qu&rsquo;un granulateur ?\"><img decoding=\"async\" data-no-lazy=\"1\" class=\"vcex-blog-entry-img wpex-align-middle skip-lazy\" src=\"https:\/\/www.bonals.com\/wp-content\/uploads\/2023\/07\/granuladora.jpg\" alt=\"Granuladora\" width=\"1200\" height=\"800\" \/><\/a><\/div><div class=\"vcex-post-type-entry-details entry-details wpex-bordered wpex-first-mt-0 wpex-last-mb-0 wpex-clr\"><div class=\"match-height-content\"><h2 class=\"vcex-post-type-entry-title entry-title wpex-mb-5\" ><a href=\"https:\/\/www.bonals.com\/fr\/granulateur-quest-ce\/\">Qu&rsquo;est-ce qu&rsquo;un granulateur ?<\/a><\/h2 ><div class=\"vcex-post-type-entry-date entry-date wpex-text-sm wpex-text-gray-600 wpex-mb-5\">08\/23\/2023<\/div><div class=\"vcex-post-type-entry-excerpt entry-excerpt wpex-my-15 wpex-last-mb-0 wpex-clr\">D\u00e9couvrez \u00e0 quoi servent les granulateurs dans le processus de cr\u00e9ation de comprim\u00e9s et de comprim\u00e9s.<\/div><div class=\"vcex-post-type-entry-readmore-wrap entry-readmore-wrap wpex-my-15 wpex-clr\"><a href=\"https:\/\/www.bonals.com\/fr\/granulateur-quest-ce\/\" class=\"theme-button\">Lire la suite <span class=\"vcex-readmore-rarr\">&rarr;<\/span><\/a><\/div><\/div><\/div><\/div><\/div><div class=\"vcex-post-type-entry vcex-grid-item wpex-clr col span_1_of_3 vcex-isotope-entry col-1 post-12459 entry type-post has-media cat-92\"><div class=\"vcex-post-type-entry-inner entry-inner wpex-first-mt-0 wpex-last-mb-0 wpex-clr\"><div class=\"vcex-post-type-entry-media entry-media\"><a href=\"https:\/\/www.bonals.com\/fr\/convoyeur-a-vis-quest-ce\/\" title=\"Qu&rsquo;est-ce qu&rsquo;un convoyeur \u00e0 vis ?\"><img decoding=\"async\" data-no-lazy=\"1\" class=\"vcex-blog-entry-img wpex-align-middle skip-lazy\" src=\"https:\/\/www.bonals.com\/wp-content\/uploads\/2023\/07\/que-es-un-husillo.jpg\" alt=\"\u00bfQu\u00e9 Es Un Husillo?\" width=\"1200\" height=\"900\" \/><\/a><\/div><div class=\"vcex-post-type-entry-details entry-details wpex-bordered wpex-first-mt-0 wpex-last-mb-0 wpex-clr\"><div class=\"match-height-content\"><h2 class=\"vcex-post-type-entry-title entry-title wpex-mb-5\" ><a href=\"https:\/\/www.bonals.com\/fr\/convoyeur-a-vis-quest-ce\/\">Qu&rsquo;est-ce qu&rsquo;un convoyeur \u00e0 vis ?<\/a><\/h2 ><div class=\"vcex-post-type-entry-date entry-date wpex-text-sm wpex-text-gray-600 wpex-mb-5\">08\/08\/2023<\/div><div class=\"vcex-post-type-entry-excerpt entry-excerpt wpex-my-15 wpex-last-mb-0 wpex-clr\">Nous vous expliquons ce que sont les convoyeur \u00e0 vis, quelles sont leurs caract\u00e9ristiques et quelles sont leurs principales utilisations au niveau industriel.<\/div><div class=\"vcex-post-type-entry-readmore-wrap entry-readmore-wrap wpex-my-15 wpex-clr\"><a href=\"https:\/\/www.bonals.com\/fr\/convoyeur-a-vis-quest-ce\/\" class=\"theme-button\">Lire la suite <span class=\"vcex-readmore-rarr\">&rarr;<\/span><\/a><\/div><\/div><\/div><\/div><\/div><div class=\"vcex-post-type-entry vcex-grid-item wpex-clr col span_1_of_3 vcex-isotope-entry col-2 post-12452 entry type-post has-media cat-92 translation_priority-83\"><div class=\"vcex-post-type-entry-inner entry-inner wpex-first-mt-0 wpex-last-mb-0 wpex-clr\"><div class=\"vcex-post-type-entry-media entry-media\"><a href=\"https:\/\/www.bonals.com\/fr\/presse-excentrique-pieces\/\" title=\"Pi\u00e8ces d&rsquo;une presse excentrique\"><img decoding=\"async\" data-no-lazy=\"1\" class=\"vcex-blog-entry-img wpex-align-middle skip-lazy\" src=\"https:\/\/www.bonals.com\/wp-content\/uploads\/2023\/07\/partes-prensa-excentrica.jpg\" alt=\"Partes De Una Prensa Exc\u00e9ntrica\" width=\"631\" height=\"631\" \/><\/a><\/div><div class=\"vcex-post-type-entry-details entry-details wpex-bordered wpex-first-mt-0 wpex-last-mb-0 wpex-clr\"><div class=\"match-height-content\"><h2 class=\"vcex-post-type-entry-title entry-title wpex-mb-5\" ><a href=\"https:\/\/www.bonals.com\/fr\/presse-excentrique-pieces\/\">Pi\u00e8ces d&rsquo;une presse excentrique<\/a><\/h2 ><div class=\"vcex-post-type-entry-date entry-date wpex-text-sm wpex-text-gray-600 wpex-mb-5\">07\/25\/2023<\/div><div class=\"vcex-post-type-entry-excerpt entry-excerpt wpex-my-15 wpex-last-mb-0 wpex-clr\">Chez Bonals Technologies, nous souhaitons expliquer les pi\u00e8ces qui composent la presse \u00e0 excentrique ou \u00e0 manivelle.<\/div><div class=\"vcex-post-type-entry-readmore-wrap entry-readmore-wrap wpex-my-15 wpex-clr\"><a href=\"https:\/\/www.bonals.com\/fr\/presse-excentrique-pieces\/\" class=\"theme-button\">Lire la suite <span class=\"vcex-readmore-rarr\">&rarr;<\/span><\/a><\/div><\/div><\/div><\/div><\/div><div class=\"vcex-post-type-entry vcex-grid-item wpex-clr col span_1_of_3 vcex-isotope-entry col-3 post-12447 entry type-post has-media cat-92 translation_priority-83\"><div class=\"vcex-post-type-entry-inner entry-inner wpex-first-mt-0 wpex-last-mb-0 wpex-clr\"><div class=\"vcex-post-type-entry-media entry-media\"><a href=\"https:\/\/www.bonals.com\/fr\/eccentric-press-uses\/\" title=\"A quoi sert une presse excentrique ?\"><img decoding=\"async\" data-no-lazy=\"1\" class=\"vcex-blog-entry-img wpex-align-middle skip-lazy\" src=\"https:\/\/www.bonals.com\/wp-content\/uploads\/2023\/07\/prensa-excentrica-que-es.jpg\" alt=\"Prensa Exc\u00e9ntrica\" width=\"1416\" height=\"905\" \/><\/a><\/div><div class=\"vcex-post-type-entry-details entry-details wpex-bordered wpex-first-mt-0 wpex-last-mb-0 wpex-clr\"><div class=\"match-height-content\"><h2 class=\"vcex-post-type-entry-title entry-title wpex-mb-5\" ><a href=\"https:\/\/www.bonals.com\/fr\/eccentric-press-uses\/\">A quoi sert une presse excentrique ?<\/a><\/h2 ><div class=\"vcex-post-type-entry-date entry-date wpex-text-sm wpex-text-gray-600 wpex-mb-5\">07\/05\/2023<\/div><div class=\"vcex-post-type-entry-excerpt entry-excerpt wpex-my-15 wpex-last-mb-0 wpex-clr\">D\u00e9couvrez ce qu'est une presse \u00e0 comprim\u00e9s et comment elle fonctionne, un accessoire indispensable dans l'industrie du compactage.<\/div><div class=\"vcex-post-type-entry-readmore-wrap entry-readmore-wrap wpex-my-15 wpex-clr\"><a href=\"https:\/\/www.bonals.com\/fr\/eccentric-press-uses\/\" class=\"theme-button\">Lire la suite <span class=\"vcex-readmore-rarr\">&rarr;<\/span><\/a><\/div><\/div><\/div><\/div><\/div><div class=\"vcex-post-type-entry vcex-grid-item wpex-clr col span_1_of_3 vcex-isotope-entry col-1 post-11915 entry type-post has-media cat-92 cat-81 translation_priority-83\"><div class=\"vcex-post-type-entry-inner entry-inner wpex-first-mt-0 wpex-last-mb-0 wpex-clr\"><div class=\"vcex-post-type-entry-media entry-media\"><a href=\"https:\/\/www.bonals.com\/fr\/3d-bouillon-complete-line\/\" title=\"Interpack 2023\"><img decoding=\"async\" data-no-lazy=\"1\" class=\"vcex-blog-entry-img wpex-align-middle skip-lazy\" src=\"https:\/\/www.bonals.com\/wp-content\/uploads\/2023\/04\/Interpack2023_Bonals-scaled.jpg\" alt=\"\" width=\"2560\" height=\"617\" \/><\/a><\/div><div class=\"vcex-post-type-entry-details entry-details wpex-bordered wpex-first-mt-0 wpex-last-mb-0 wpex-clr\"><div class=\"match-height-content\"><h2 class=\"vcex-post-type-entry-title entry-title wpex-mb-5\" ><a href=\"https:\/\/www.bonals.com\/fr\/3d-bouillon-complete-line\/\">Interpack 2023<\/a><\/h2 ><div class=\"vcex-post-type-entry-date entry-date wpex-text-sm wpex-text-gray-600 wpex-mb-5\">04\/27\/2023<\/div><div class=\"vcex-post-type-entry-excerpt entry-excerpt wpex-my-15 wpex-last-mb-0 wpex-clr\"><p>\ud83d\udc4b Il ne reste plus qu'une semaine avant Interpack et il est clair pour nous que la r\u00e9volution du compactage&hellip;<\/p><\/div><div class=\"vcex-post-type-entry-readmore-wrap entry-readmore-wrap wpex-my-15 wpex-clr\"><a href=\"https:\/\/www.bonals.com\/fr\/3d-bouillon-complete-line\/\" class=\"theme-button\">Lire la suite <span class=\"vcex-readmore-rarr\">&rarr;<\/span><\/a><\/div><\/div><\/div><\/div><\/div><div class=\"vcex-post-type-entry vcex-grid-item wpex-clr col span_1_of_3 vcex-isotope-entry col-2 post-11857 entry type-post has-media cat-81 cat-92 translation_priority-83\"><div class=\"vcex-post-type-entry-inner entry-inner wpex-first-mt-0 wpex-last-mb-0 wpex-clr\"><div class=\"vcex-post-type-entry-media entry-media\"><a href=\"https:\/\/www.bonals.com\/fr\/3d-complete-line\/\" title=\"3D Bouillon Complete Line\"><img decoding=\"async\" data-no-lazy=\"1\" class=\"vcex-blog-entry-img wpex-align-middle skip-lazy\" src=\"https:\/\/www.bonals.com\/wp-content\/uploads\/2023\/02\/Bonals-ft-Youtube.png\" alt=\"\" width=\"1772\" height=\"777\" \/><\/a><\/div><div class=\"vcex-post-type-entry-details entry-details wpex-bordered wpex-first-mt-0 wpex-last-mb-0 wpex-clr\"><div class=\"match-height-content\"><h2 class=\"vcex-post-type-entry-title entry-title wpex-mb-5\" ><a href=\"https:\/\/www.bonals.com\/fr\/3d-complete-line\/\">3D Bouillon Complete Line<\/a><\/h2 ><div class=\"vcex-post-type-entry-date entry-date wpex-text-sm wpex-text-gray-600 wpex-mb-5\">02\/03\/2023<\/div><div class=\"vcex-post-type-entry-excerpt entry-excerpt wpex-my-15 wpex-last-mb-0 wpex-clr\"><p>Vous pouvez d\u00e9sormais retrouver sur notre cha\u00eene Youtube notre nouvelle vid\u00e9o 3D sur notre ligne de production de comprim\u00e9s de&hellip;<\/p><\/div><div class=\"vcex-post-type-entry-readmore-wrap entry-readmore-wrap wpex-my-15 wpex-clr\"><a href=\"https:\/\/www.bonals.com\/fr\/3d-complete-line\/\" class=\"theme-button\">Lire la suite <span class=\"vcex-readmore-rarr\">&rarr;<\/span><\/a><\/div><\/div><\/div><\/div><\/div><div class=\"vcex-post-type-entry vcex-grid-item wpex-clr col span_1_of_3 vcex-isotope-entry col-3 post-11846 entry type-post has-media cat-81 cat-92 translation_priority-83\"><div class=\"vcex-post-type-entry-inner entry-inner wpex-first-mt-0 wpex-last-mb-0 wpex-clr\"><div class=\"vcex-post-type-entry-media entry-media\"><a href=\"https:\/\/www.bonals.com\/fr\/be40-video\/\" title=\"BE40 Video\"><img decoding=\"async\" data-no-lazy=\"1\" class=\"vcex-blog-entry-img wpex-align-middle skip-lazy\" src=\"https:\/\/www.bonals.com\/wp-content\/uploads\/2023\/02\/Bonals-ft-Youtube.png\" alt=\"\" width=\"1772\" height=\"777\" \/><\/a><\/div><div class=\"vcex-post-type-entry-details entry-details wpex-bordered wpex-first-mt-0 wpex-last-mb-0 wpex-clr\"><div class=\"match-height-content\"><h2 class=\"vcex-post-type-entry-title entry-title wpex-mb-5\" ><a href=\"https:\/\/www.bonals.com\/fr\/be40-video\/\">BE40 Video<\/a><\/h2 ><div class=\"vcex-post-type-entry-date entry-date wpex-text-sm wpex-text-gray-600 wpex-mb-5\">02\/03\/2023<\/div><div class=\"vcex-post-type-entry-excerpt entry-excerpt wpex-my-15 wpex-last-mb-0 wpex-clr\"><p>Vous pouvez maintenant visiter la nouvelle vid\u00e9o BE40 sur notre site web. Une vid\u00e9o o\u00f9 vous trouverez toutes les informations&hellip;<\/p><\/div><div class=\"vcex-post-type-entry-readmore-wrap entry-readmore-wrap wpex-my-15 wpex-clr\"><a href=\"https:\/\/www.bonals.com\/fr\/be40-video\/\" class=\"theme-button\">Lire la suite <span class=\"vcex-readmore-rarr\">&rarr;<\/span><\/a><\/div><\/div><\/div><\/div><\/div><\/div><div class=\"wpex-pagination wpex-clear wpex-mt-30 wpex-clr\"><ul class='page-numbers'>\n\t<li><span aria-current=\"page\" class=\"page-numbers current\"><span class=\"screen-reader-text\">Page <\/span>1<\/span><\/li>\n\t<li><a class=\"page-numbers\" href=\"https:\/\/www.bonals.com\/fr\/wp-json\/wp\/v2\/pages\/8095\/page\/2\/\"><span class=\"screen-reader-text\">Page <\/span>2<\/a><\/li>\n\t<li><a class=\"next page-numbers\" href=\"https:\/\/www.bonals.com\/fr\/wp-json\/wp\/v2\/pages\/8095\/page\/2\/\"><span class=\"ticon ticon-angle-right\" aria-hidden=\"true\"><\/span><span class=\"screen-reader-text\">Suivant<\/span><\/a><\/li>\n<\/ul>\n<\/div><\/div>[vc_row_inner][vc_column_inner][\/vc_column_inner][\/vc_row_inner][\/vc_column][\/vc_row]\n","protected":false},"excerpt":{"rendered":"<p>[vc_row full_width=\u00a0\u00bbstretch_row\u00a0\u00bb css=\u00a0\u00bb.vc_custom_1675436228337{padding-top: 200px !important;padding-bottom: 150px !important;background-image: url(https:\/\/www.bonals.com\/wp-content\/uploads\/2023\/02\/Sin-titulo-14-1.png?id=11869) !important;background-position: center !important;background-repeat: no-repeat !important;background-size: cover !important;}\u00a0\u00bb][vc_column][vc_column_text text_align=\u00a0\u00bbcenter\u00a0\u00bb color=\u00a0\u00bb#068ca9&Prime; font_size=\u00a0\u00bb32&Prime;][\/vc_column_text][\/vc_column][\/vc_row][vc_row][vc_column][vc_empty_space height=\u00a0\u00bb60px\u00a0\u00bb][vc_column_text]D\u00e9couvrez toutes nos derni\u00e8res actualit\u00e9s et \u00e9v\u00e9nements.[\/vc_column_text][vc_empty_space][vc_row_inner][vc_column_inner][\/vc_column_inner][\/vc_row_inner][\/vc_column][\/vc_row]<\/p>\n","protected":false},"author":1,"featured_media":0,"parent":0,"menu_order":0,"comment_status":"closed","ping_status":"closed","template":"templates\/no-sidebar.php","meta":{"_acf_changed":false,"_monsterinsights_skip_tracking":false,"_monsterinsights_sitenote_active":false,"_monsterinsights_sitenote_note":"","_monsterinsights_sitenote_category":0,"footnotes":""},"class_list":["post-8095","page","type-page","status-publish","hentry","entry","has-media"],"acf":[],"_links":{"self":[{"href":"https:\/\/www.bonals.com\/fr\/wp-json\/wp\/v2\/pages\/8095","targetHints":{"allow":["GET"]}}],"collection":[{"href":"https:\/\/www.bonals.com\/fr\/wp-json\/wp\/v2\/pages"}],"about":[{"href":"https:\/\/www.bonals.com\/fr\/wp-json\/wp\/v2\/types\/page"}],"author":[{"embeddable":true,"href":"https:\/\/www.bonals.com\/fr\/wp-json\/wp\/v2\/users\/1"}],"replies":[{"embeddable":true,"href":"https:\/\/www.bonals.com\/fr\/wp-json\/wp\/v2\/comments?post=8095"}],"version-history":[{"count":11,"href":"https:\/\/www.bonals.com\/fr\/wp-json\/wp\/v2\/pages\/8095\/revisions"}],"predecessor-version":[{"id":12526,"href":"https:\/\/www.bonals.com\/fr\/wp-json\/wp\/v2\/pages\/8095\/revisions\/12526"}],"wp:attachment":[{"href":"https:\/\/www.bonals.com\/fr\/wp-json\/wp\/v2\/media?parent=8095"}],"curies":[{"name":"wp","href":"https:\/\/api.w.org\/{rel}","templated":true}]}}