{"id":8069,"date":"2022-01-06T15:14:11","date_gmt":"2022-01-06T14:14:11","guid":{"rendered":"https:\/\/www.bonals.com\/contacter\/"},"modified":"2025-10-22T14:17:13","modified_gmt":"2025-10-22T12:17:13","slug":"contacter","status":"publish","type":"page","link":"https:\/\/www.bonals.com\/fr\/contacter\/","title":{"rendered":"Contacter"},"content":{"rendered":"[vc_row column_spacing=\u00a0\u00bb50&Prime; bg_style=\u00a0\u00bbstretch\u00a0\u00bb css=\u00a0\u00bb.vc_custom_1489785582478{padding-top: 0px !important;padding-bottom: 5px !important;}\u00a0\u00bb][vc_column][vc_empty_space]<h1 class=\"vcex-heading vcex-module wpex-text-2xl wpex-font-normal wpex-m-auto wpex-max-w-100 vcex-heading-plain wpex-block wpex-text-left\" style=\"color:#555555;font-family:Nunito;font-size:40px;font-weight:600;\"><span class=\"vcex-heading-inner wpex-inline-block wpex-clr\">Entrer en contact<br \/>\nAvec nous<\/span><\/h1>[\/vc_column][\/vc_row][vc_row][vc_column width=\u00a0\u00bb1\/3&Prime;][vc_column_text text_align=\u00a0\u00bbcenter\u00a0\u00bb]\n<h5>Afrique et Moyen-Orient<\/h5>\n[\/vc_column_text][vc_empty_space height=\u00a0\u00bb30px\u00a0\u00bb][vc_single_image image=\u00a0\u00bb7767&Prime; img_size=\u00a0\u00bb\u00a0\u00bb alignment=\u00a0\u00bbcenter\u00a0\u00bb onclick=\u00a0\u00bbcustom_link\u00a0\u00bb link=\u00a0\u00bbmailto:abodi%40bonals.com|\u00a0\u00bb img_hover=\u00a0\u00bbgrayscale\u00a0\u00bb css=\u00a0\u00bb.vc_custom_1635437014895{border-radius: 1px !important;}\u00a0\u00bb][vc_column_text text_align=\u00a0\u00bbcenter\u00a0\u00bb]\n<h4><strong>Ange Bodi<br \/>\n<\/strong><\/h4>\n[\/vc_column_text][vc_empty_space height=\u00a0\u00bb10px\u00a0\u00bb][vc_column_text text_align=\u00a0\u00bbcenter\u00a0\u00bb css=\u00a0\u00bb.vc_custom_1655192792227{margin-bottom: 0px !important;padding-top: 0px !important;padding-bottom: 0px !important;}\u00a0\u00bb line_height=\u00a0\u00bb10px\u00a0\u00bb color=\u00a0\u00bb#000000&Prime;]<span class=\"ticon ticon-envelope\" aria-hidden=\"true\"><br \/>\n<span class=\"screen-reader-text\">Email<\/span><\/span> <a href=\"mailto:abodi@bonals.com\" target=\"_blank\" rel=\"noopener\">Contact Ange Bodi<br \/>\n<\/a><\/p>\n<p><span class=\"ticon ticon-phone\" aria-hidden=\"true\"><br \/>\n<span class=\"screen-reader-text\">Phone<\/span><\/span> <a href=\"tel:+33760731212\" target=\"_blank\" rel=\"noopener\">+33 7 60 73 12 12<br \/>\n<\/a><\/p>\n<p><span class=\"ticon ticon-linkedin\" aria-hidden=\"true\"><br \/>\n<span class=\"screen-reader-text\">LinkedIn<\/span><\/span> <a href=\"https:\/\/www.linkedin.com\/in\/ange-bodi-1b693518\/\" target=\"_blank\" rel=\"noopener\">LinkedIn<\/a>[\/vc_column_text][\/vc_column][vc_column width=\u00a0\u00bb1\/3&Prime;][vc_column_text text_align=\u00a0\u00bbcenter\u00a0\u00bb]\n<h5>Europe<\/h5>\n[\/vc_column_text][vc_empty_space height=\u00a0\u00bb30px\u00a0\u00bb][vc_single_image image=\u00a0\u00bb7769&Prime; img_size=\u00a0\u00bb\u00a0\u00bb alignment=\u00a0\u00bbcenter\u00a0\u00bb onclick=\u00a0\u00bbcustom_link\u00a0\u00bb link=\u00a0\u00bbmailto:asousa%40bonals.com|\u00a0\u00bb img_hover=\u00a0\u00bbgrayscale\u00a0\u00bb css=\u00a0\u00bb.vc_custom_1635436994903{border-radius: 1px !important;}\u00a0\u00bb][vc_column_text text_align=\u00a0\u00bbcenter\u00a0\u00bb]\n<h4><strong>Anthony Sousa<\/strong><\/h4>\n[\/vc_column_text][vc_empty_space height=\u00a0\u00bb10px\u00a0\u00bb][vc_row_inner][vc_column_inner][vc_column_text text_align=\u00a0\u00bbcenter\u00a0\u00bb css=\u00a0\u00bb.vc_custom_1655192580707{margin-bottom: 0px !important;padding-top: 0px !important;padding-bottom: 0px !important;}\u00a0\u00bb line_height=\u00a0\u00bb10px\u00a0\u00bb color=\u00a0\u00bb#000000&Prime;]<span class=\"ticon ticon-envelope\" aria-hidden=\"true\"><br \/>\n<span class=\"screen-reader-text\">Email<\/span><\/span> <a href=\"mailto:asousa@bonals.com\" target=\"_blank\" rel=\"noopener\">Contact Anthony Sousa<br \/>\n<\/a><\/p>\n<p><span class=\"ticon ticon-phone\" aria-hidden=\"true\"><br \/>\n<span class=\"screen-reader-text\">Phone<\/span><\/span> <a href=\"tel:+33762702779\" target=\"_blank\" rel=\"noopener\">+33 7 62 70 27 79<\/a><\/p>\n<p><span class=\"ticon ticon-linkedin\" aria-hidden=\"true\"><br \/>\n<span class=\"screen-reader-text\">LinkedIn<\/span><\/span> <a href=\"https:\/\/www.linkedin.com\/in\/anthony-sousa-55593b65\/\" target=\"_blank\" rel=\"noopener\">LinkedIn<\/a>[\/vc_column_text][\/vc_column_inner][\/vc_row_inner][\/vc_column][vc_column width=\u00a0\u00bb1\/3&Prime;][vc_column_text text_align=\u00a0\u00bbcenter\u00a0\u00bb]\n<h5>Am\u00e9riques &amp; APAC, Asia &amp; Oc\u00e9anie<\/h5>\n[\/vc_column_text][vc_empty_space height=\u00a0\u00bb30px\u00a0\u00bb][vc_single_image image=\u00a0\u00bb11651&Prime; img_size=\u00a0\u00bb\u00a0\u00bb alignment=\u00a0\u00bbcenter\u00a0\u00bb onclick=\u00a0\u00bbcustom_link\u00a0\u00bb link=\u00a0\u00bbmailto:asousa%40bonals.com|\u00a0\u00bb img_hover=\u00a0\u00bbgrayscale\u00a0\u00bb css=\u00a0\u00bb.vc_custom_1669883818366{border-radius: 1px !important;}\u00a0\u00bb][vc_column_text text_align=\u00a0\u00bbcenter\u00a0\u00bb]\n<h4><strong>Wilfredo Mart\u00ednez<\/strong><\/h4>\n[\/vc_column_text][vc_empty_space height=\u00a0\u00bb10px\u00a0\u00bb][vc_column_text text_align=\u00a0\u00bbcenter\u00a0\u00bb css=\u00a0\u00bb.vc_custom_1668428552816{margin-bottom: 0px !important;padding-top: 0px !important;padding-bottom: 0px !important;}\u00a0\u00bb line_height=\u00a0\u00bb10px\u00a0\u00bb color=\u00a0\u00bb#000000&Prime;]<span class=\"ticon ticon-envelope\" aria-hidden=\"true\"><br \/>\n<span class=\"screen-reader-text\">Email<\/span><\/span> <a href=\"mailto:wmartinez@bonals.com\" target=\"_blank\" rel=\"noopener\">Contact Wilfredo Mart\u00ednez<br \/>\n<\/a><\/p>\n<p><span class=\"ticon ticon-phone\" aria-hidden=\"true\"><br \/>\n<span class=\"screen-reader-text\">Phone<\/span><\/span> <a href=\"tel:+34689207292\" target=\"_blank\" rel=\"noopener\">+34 689 207 292<\/a><\/p>\n<p><span class=\"ticon ticon-linkedin\" aria-hidden=\"true\"><br \/>\n<span class=\"screen-reader-text\">LinkedIn<\/span><\/span> <a href=\"https:\/\/www.linkedin.com\/in\/wilfredo-a-mart%C3%ADnez-torres-1070602a\/\" target=\"_blank\" rel=\"noopener\">LinkedIn<\/a>[\/vc_column_text][\/vc_column][\/vc_row][vc_row][vc_column][vc_column_text][\/vc_column_text]<div class=\"textcenter theme-button-wrap wpex-clr\"><a href=\"mailto:job@bonals.com\" class=\"vcex-button theme-button align-center inline\"><span class=\"theme-button-inner\">Want to apply to Bonals Technologies?<\/span><\/a><\/div> [\/vc_column][\/vc_row][vc_row full_width=\u00a0\u00bbstretch_row\u00a0\u00bb bg_style=\u00a0\u00bbstretch\u00a0\u00bb css=\u00a0\u00bb.vc_custom_1489785570215{border-top-width: 1px !important;border-right-width: 0px !important;border-bottom-width: 1px !important;border-left-width: 0px !important;padding-top: 45px !important;background-color: #f7f7f7 !important;border-left-color: #e4e4e4 !important;border-left-style: solid !important;border-right-color: #e4e4e4 !important;border-right-style: solid !important;border-top-color: #e4e4e4 !important;border-top-style: solid !important;border-bottom-color: #e4e4e4 !important;border-bottom-style: solid !important;}\u00a0\u00bb][vc_column width=\u00a0\u00bb1\/4&Prime;][vc_column_text font_size=\u00a0\u00bb20px\u00a0\u00bb]Que vous ayez une question sur nos solutions de compactage, leur fonctionnement, l&rsquo;efficacit\u00e9 qu&rsquo;elles g\u00e9n\u00e8rent, que vous ayez besoin d&rsquo;une d\u00e9monstration ou autre, nous serions ravis de vous entendre.[\/vc_column_text][\/vc_column][vc_column width=\u00a0\u00bb3\/4&Prime;][vc_column_text font_size=\u00a0\u00bb12px\u00a0\u00bb]Contactez-nous d\u00e8s aujourd&rsquo;hui pour d\u00e9couvrir comment Bonals Technologies peut soutenir votre entreprise. Remplissez le formulaire ci-dessous et nos experts vous conseilleront sur la meilleure solution pour votre projet.[\/vc_column_text]<div role=\"form\" class=\"wpcf7\" id=\"wpcf7-f5393-o1\" lang=\"en-US\" dir=\"ltr\">\n<div class=\"screen-reader-response\"><p role=\"status\" aria-live=\"polite\" aria-atomic=\"true\"><\/p> <ul><\/ul><\/div>\n<form action=\"\/fr\/wp-json\/wp\/v2\/pages\/8069#wpcf7-f5393-o1\" method=\"post\" class=\"wpcf7-form init\" novalidate=\"novalidate\" data-status=\"init\">\n<div style=\"display: none;\">\n<input type=\"hidden\" name=\"_wpcf7\" value=\"5393\" \/>\n<input type=\"hidden\" name=\"_wpcf7_version\" value=\"5.6.4\" \/>\n<input type=\"hidden\" name=\"_wpcf7_locale\" value=\"en_US\" \/>\n<input type=\"hidden\" name=\"_wpcf7_unit_tag\" value=\"wpcf7-f5393-o1\" \/>\n<input type=\"hidden\" name=\"_wpcf7_container_post\" value=\"0\" \/>\n<input type=\"hidden\" name=\"_wpcf7_posted_data_hash\" value=\"\" \/>\n<input type=\"hidden\" name=\"_wpcf7_recaptcha_response\" value=\"\" \/>\n<\/div>\n<div id=\"cf7md-form\" class=\"cf7md-form cf7md-spacing--tight\">\n\t\t\t<div class=\"mdc-layout-grid\">\n\t\t\t\t<div class=\"mdc-layout-grid__inner\">\n\t\t\t\t\t\t\t\t\t\t\n<div id=\"responsive-form\" class=\"clearfix\">\n<div class=\"form-row formpied\">\n<div class=\"form-row formpied\">\n<div class=\"formpied column-half\">\t\t\n\t\t<div class=\"cf7md-item cf7md-text mdc-layout-grid__cell mdc-layout-grid__cell--span-12\">\n\t\t\t<span class=\"wpcf7-form-control-wrap\" data-name=\"your-first-name\"><input type=\"text\" name=\"your-first-name\" value=\"\" size=\"40\" class=\"wpcf7-form-control wpcf7-text wpcf7-validates-as-required\" aria-required=\"true\" aria-invalid=\"false\" \/><\/span>\t\t\t\t\t\t<div style=\"display: none;\" class=\"cf7md-text-html\">\n\t\t\t\t<div class=\"mdc-text-field  mdc-text-field--outlined\">\n\t\t\t\t\t\n\t\t\t\t\t\t\t\t\t\t\t<div class=\"mdc-notched-outline\">\n\t\t\t\t\t\t\t<div class=\"mdc-notched-outline__leading\"><\/div>\n\t\t\t\t\t\t\t<div class=\"mdc-notched-outline__notch\">\n\t\t\t\t\t\t\t\t<label class=\"mdc-floating-label\">First name<\/label>\n\t\t\t\t\t\t\t<\/div>\n\t\t\t\t\t\t\t<div class=\"mdc-notched-outline__trailing\"><\/div>\n\t\t\t\t\t\t<\/div>\n\t\t\t\t\t\t\t\t\t<\/div>\n\t\t\t<\/div>\n\t\t<\/div>\n\t\t<\/div>\n<div class=\"formpied column-half\">\t\t\n\t\t<div class=\"cf7md-item cf7md-text mdc-layout-grid__cell mdc-layout-grid__cell--span-12\">\n\t\t\t<span class=\"wpcf7-form-control-wrap\" data-name=\"your-last-name\"><input type=\"text\" name=\"your-last-name\" value=\"\" size=\"40\" class=\"wpcf7-form-control wpcf7-text wpcf7-validates-as-required\" aria-required=\"true\" aria-invalid=\"false\" \/><\/span>\t\t\t\t\t\t<div style=\"display: none;\" class=\"cf7md-text-html\">\n\t\t\t\t<div class=\"mdc-text-field  mdc-text-field--outlined\">\n\t\t\t\t\t\n\t\t\t\t\t\t\t\t\t\t\t<div class=\"mdc-notched-outline\">\n\t\t\t\t\t\t\t<div class=\"mdc-notched-outline__leading\"><\/div>\n\t\t\t\t\t\t\t<div class=\"mdc-notched-outline__notch\">\n\t\t\t\t\t\t\t\t<label class=\"mdc-floating-label\">Last name<\/label>\n\t\t\t\t\t\t\t<\/div>\n\t\t\t\t\t\t\t<div class=\"mdc-notched-outline__trailing\"><\/div>\n\t\t\t\t\t\t<\/div>\n\t\t\t\t\t\t\t\t\t<\/div>\n\t\t\t<\/div>\n\t\t<\/div>\n\t\t<\/div>\n<div class=\"formpied column-half\">\t\t\n\t\t<div class=\"cf7md-item cf7md-text mdc-layout-grid__cell mdc-layout-grid__cell--span-12\">\n\t\t\t<span class=\"wpcf7-form-control-wrap\" data-name=\"your-company\"><input type=\"text\" name=\"your-company\" value=\"\" size=\"40\" class=\"wpcf7-form-control wpcf7-text wpcf7-validates-as-required\" aria-required=\"true\" aria-invalid=\"false\" \/><\/span>\t\t\t\t\t\t<div style=\"display: none;\" class=\"cf7md-text-html\">\n\t\t\t\t<div class=\"mdc-text-field  mdc-text-field--outlined\">\n\t\t\t\t\t\n\t\t\t\t\t\t\t\t\t\t\t<div class=\"mdc-notched-outline\">\n\t\t\t\t\t\t\t<div class=\"mdc-notched-outline__leading\"><\/div>\n\t\t\t\t\t\t\t<div class=\"mdc-notched-outline__notch\">\n\t\t\t\t\t\t\t\t<label class=\"mdc-floating-label\">Company<\/label>\n\t\t\t\t\t\t\t<\/div>\n\t\t\t\t\t\t\t<div class=\"mdc-notched-outline__trailing\"><\/div>\n\t\t\t\t\t\t<\/div>\n\t\t\t\t\t\t\t\t\t<\/div>\n\t\t\t<\/div>\n\t\t<\/div>\n\t\t<\/div>\n<div class=\"formpied column-half\"><span class=\"wpcf7-form-control-wrap\" data-name=\"zone\"><select name=\"zone\" class=\"wpcf7-form-control wpcf7-select wpcf7-validates-as-required\" aria-required=\"true\" aria-invalid=\"false\"><option value=\"Your geographic area:*\">Your geographic area:*<\/option><option value=\"Africa &amp; Middle East\">Africa &amp; Middle East<\/option><option value=\"America (north - south - central)\">America (north - south - central)<\/option><option value=\"Asia\">Asia<\/option><option value=\"Europe\">Europe<\/option><option value=\"Oceania\">Oceania<\/option><\/select><\/span><\/div>\n<div class=\"formpied column-half\">\t\t\n\t\t<div class=\"cf7md-item cf7md-text mdc-layout-grid__cell mdc-layout-grid__cell--span-12\">\n\t\t\t<span class=\"wpcf7-form-control-wrap\" data-name=\"your-email\"><input type=\"email\" name=\"your-email\" value=\"\" size=\"40\" class=\"wpcf7-form-control wpcf7-text wpcf7-email wpcf7-validates-as-required wpcf7-validates-as-email\" aria-required=\"true\" aria-invalid=\"false\" \/><\/span>\t\t\t\t\t\t<div style=\"display: none;\" class=\"cf7md-text-html\">\n\t\t\t\t<div class=\"mdc-text-field  mdc-text-field--outlined\">\n\t\t\t\t\t\n\t\t\t\t\t\t\t\t\t\t\t<div class=\"mdc-notched-outline\">\n\t\t\t\t\t\t\t<div class=\"mdc-notched-outline__leading\"><\/div>\n\t\t\t\t\t\t\t<div class=\"mdc-notched-outline__notch\">\n\t\t\t\t\t\t\t\t<label class=\"mdc-floating-label\">Email address<\/label>\n\t\t\t\t\t\t\t<\/div>\n\t\t\t\t\t\t\t<div class=\"mdc-notched-outline__trailing\"><\/div>\n\t\t\t\t\t\t<\/div>\n\t\t\t\t\t\t\t\t\t<\/div>\n\t\t\t<\/div>\n\t\t<\/div>\n\t\t<\/div>\n<div class=\"formpied column-half\">\t\t\n\t\t<div class=\"cf7md-item cf7md-text mdc-layout-grid__cell mdc-layout-grid__cell--span-12\">\n\t\t\t<span class=\"wpcf7-form-control-wrap\" data-name=\"your-phone\"><input type=\"tel\" name=\"your-phone\" value=\"\" size=\"40\" class=\"wpcf7-form-control wpcf7-text wpcf7-tel wpcf7-validates-as-required wpcf7-validates-as-tel\" aria-required=\"true\" aria-invalid=\"false\" \/><\/span>\t\t\t\t\t\t<div style=\"display: none;\" class=\"cf7md-text-html\">\n\t\t\t\t<div class=\"mdc-text-field  mdc-text-field--outlined\">\n\t\t\t\t\t\n\t\t\t\t\t\t\t\t\t\t\t<div class=\"mdc-notched-outline\">\n\t\t\t\t\t\t\t<div class=\"mdc-notched-outline__leading\"><\/div>\n\t\t\t\t\t\t\t<div class=\"mdc-notched-outline__notch\">\n\t\t\t\t\t\t\t\t<label class=\"mdc-floating-label\">Phone<\/label>\n\t\t\t\t\t\t\t<\/div>\n\t\t\t\t\t\t\t<div class=\"mdc-notched-outline__trailing\"><\/div>\n\t\t\t\t\t\t<\/div>\n\t\t\t\t\t\t\t\t\t<\/div>\n\t\t\t<\/div>\n\t\t<\/div>\n\t\t<\/div>\n<div class=\"formpied  column-full\">\n        \t\t<div class=\"cf7md-item cf7md-select mdc-layout-grid__cell mdc-layout-grid__cell--span-12\">\n\t\t\t<br \/>\n          <span class=\"wpcf7-form-control-wrap\" data-name=\"menu-397\"><select name=\"menu-397\" class=\"wpcf7-form-control wpcf7-select wpcf7-validates-as-required\" aria-required=\"true\" aria-invalid=\"false\"><option value=\"\"><\/option><option value=\"Talk to a member of our Sales team\">Talk to a member of our Sales team<\/option><option value=\"Product and account support\">Product and account support<\/option><\/select><\/span><br \/>\n        \t\t\t\t\t\t<div style=\"display: none;\" class=\"cf7md-select-html\">\n\t\t\t\t<div class=\"mdc-select  mdc-select--outlined\">\n\t\t\t\t\t\t\n\t\t\t\t\t<i class=\"mdc-select__dropdown-icon\"><\/i>\n\t\t\t\t\t\t\t\t\t\t\t<div class=\"mdc-notched-outline\">\n\t\t\t\t\t\t\t<div class=\"mdc-notched-outline__leading\"><\/div>\n\t\t\t\t\t\t\t<div class=\"mdc-notched-outline__notch\">\n\t\t\t\t\t\t\t\t<label class=\"mdc-floating-label\">Contact type<\/label>\n\t\t\t\t\t\t\t<\/div>\n\t\t\t\t\t\t\t<div class=\"mdc-notched-outline__trailing\"><\/div>\n\t\t\t\t\t\t<\/div>\n\t\t\t\t\t\t\t\t\t<\/div>\n\t\t\t<\/div>\n\t\t<\/div>\n\t\t\n      <\/div>\n<div class=\"formpied  column-full text-area-expended\">\n        \n\t\t<div class=\"cf7md-item cf7md-textarea mdc-layout-grid__cell mdc-layout-grid__cell--span-12 cf7md-textarea-autosize\">\n\t\t\t<br \/>\n          <span class=\"wpcf7-form-control-wrap\" data-name=\"your-message\"><textarea name=\"your-message\" cols=\"40\" rows=\"10\" class=\"wpcf7-form-control wpcf7-textarea\" aria-invalid=\"false\"><\/textarea><\/span><br \/>\n        \t\t\t\t\t\t<div style=\"display: none;\" class=\"cf7md-text-html\">\n\t\t\t\t<div class=\"mdc-text-field  mdc-text-field--textarea\">\n\t\t\t\t\t\t\t\t\t\t<div class=\"mdc-notched-outline\">\n\t\t\t\t\t\t<div class=\"mdc-notched-outline__leading\"><\/div>\n\t\t\t\t\t\t<div class=\"mdc-notched-outline__notch\">\n\t\t\t\t\t\t\t<label class=\"mdc-floating-label\">Message<\/label>\n\t\t\t\t\t\t<\/div>\n\t\t\t\t\t\t<div class=\"mdc-notched-outline__trailing\"><\/div>\n\t\t\t\t\t<\/div>\n\t\t\t\t<\/div>\n\t\t\t<\/div>\n\t\t<\/div>\n\t\t\n      <\/div>\n<div class=\"formpied  column-full\">\n        \t\t<div class=\"cf7md-item mdc-layout-grid__cell mdc-layout-grid__cell--span-12\">\n\t\t\t\n<div style=\"font-style: italic; color: #000000 !important; font-size: 10px !important\">\n            By submitting this form, I agree to receive communications from Bonals Technologies in connection with my inquiry. My information will be processed in accordance with Bonals Technologies\u2019 Privacy Policy.\n          <\/div>\n<p>        \t\t<\/div><\/div>\n<div class=\"column-full\" style=\"text-align: right\">\t\t<div class=\"cf7md-item cf7md-submit mdc-layout-grid__cell mdc-layout-grid__cell--span-12\" data-button-style=\"raised\">\n\t\t\t<input type=\"submit\" value=\"Get in touch\" class=\"wpcf7-form-control has-spinner wpcf7-submit\" \/>\t\t\t<svg class=\"cf7md-spinner\" width=\"25px\" height=\"25px\" viewBox=\"0 0 66 66\" xmlns=\"http:\/\/www.w3.org\/2000\/svg\">\n\t\t\t\t<circle class=\"cf7md-spinner-path\" fill=\"none\" stroke-width=\"6\" stroke-linecap=\"round\" cx=\"33\" cy=\"33\" r=\"30\"><\/circle>\n\t\t\t<\/svg>\n\t\t<\/div>\n\t\t\n      <\/div>\n<\/div>\n<\/div>\n<\/div>\n\t\t\t\t\t\t\t\t\t<\/div>\n\t\t\t<\/div>\n\t\t<\/div>\n<div class=\"inv-recaptcha-holder\"><\/div><div class=\"wpcf7-response-output\" aria-hidden=\"true\"><\/div><\/form><\/div>[\/vc_column][\/vc_row][vc_row][vc_column][vc_column_text][\/vc_column_text][\/vc_column][\/vc_row][vc_row column_spacing=\u00a0\u00bb60&Prime; bg_style=\u00a0\u00bbstretch\u00a0\u00bb css=\u00a0\u00bb.vc_custom_1489785485029{padding-top: 50px !important;padding-bottom: 10px !important;}\u00a0\u00bb][vc_column width=\u00a0\u00bb2\/3&Prime;][vc_gmaps link=\u00a0\u00bb#E-8_aHR0cHMlM0ElMkYlMkZ3d3cuZ29vZ2xlLmNvbSUyRm1hcHMlMkZlbWJlZCUzRnBiJTNEJTIxMW0xOCUyMTFtMTIlMjExbTMlMjExZDI3OTYuNTgxMzMwMjY4MzY5JTIxMmQ0LjIyMTg1MDA1MTE1NzU1MiUyMTNkNDUuNDk4Mzc1MDM5MDgwNzglMjEybTMlMjExZjAlMjEyZjAlMjEzZjAlMjEzbTIlMjExaTEwMjQlMjEyaTc2OCUyMTRmMTMuMSUyMTNtMyUyMTFtMiUyMTFzMHg0N2Y1YjQ5MGJiZTdhOTNmJTI1M0EweDNmYmY3Zjg2YWY4YTFhMDUlMjEyczI1OCUyNTIwUnRlJTI1MjBkZSUyNTIwU2FpbnQtTWFyY2VsbGluJTI1MkMlMjUyMDQyMTcwJTI1MjBTYWludC1KdXN0LVNhaW50LVJhbWJlcnQlMjUyQyUyNTIwRnJhbmNlJTIxNWUwJTIxM20yJTIxMXNmciUyMTJzbWclMjE0djE2MzM1NDEwMzUyNDIlMjE1bTIlMjExc2ZyJTIxMnNtZw==\u00a0\u00bb size=\u00a0\u00bb330&Prime; type=\u00a0\u00bbm\u00a0\u00bb zoom=\u00a0\u00bb14&Prime;][\/vc_column][vc_column width=\u00a0\u00bb1\/3&Prime;]<h3 class=\"vcex-heading vcex-module wpex-text-2xl wpex-font-normal wpex-m-auto wpex-max-w-100 vcex-heading-plain wpex-block wpex-text-center\" style=\"color:#555555;font-weight:400;\"><span class=\"vcex-heading-inner wpex-inline-block wpex-clr\">SI\u00c8GE SOCIAL FRANCE<\/span><\/h3><div class=\"vcex-module vcex-divider vcex-divider-solid wpex-max-w-100 wpex-mx-auto wpex-block wpex-h-0 wpex-border-b wpex-border-solid wpex-border-gray-200\" style=\"margin-top:20px;margin-bottom:20px;\"><\/div>[vc_column_text]\n<p style=\"text-align: left;\">258 route de St Marcellin<br \/>\n42170 Saint-Just-Saint-Rambert<br \/>\nFrance[\/vc_column_text]<div class=\"vcex-module vcex-divider vcex-divider-solid wpex-max-w-100 wpex-mx-auto wpex-block wpex-h-0 wpex-border-b wpex-border-solid wpex-border-gray-200\" style=\"margin-top:20px;margin-bottom:20px;\"><\/div><div class=\"vcex-module vcex-list_item wpex-max-w-100 wpex-clr wpex-mb-5 textcenter wpex-text-center\"><a  href=\"tel:+33477527280\" title=\"+33 4 77 52 72 80\" class=\"vcex-list-item-link wpex-no-underline\"><div class=\"vcex-list-item-inner wpex-inline-flex wpex-flex-no-wrap\"><div class=\"vcex-list-item-icon wpex-mr-10\"><div class=\"vcex-icon-wrap wpex-inline-flex wpex-justify-center wpex-items-center\" style=\"color:#4a97c2;\"><span class=\"ticon ticon-phone\"><\/span><\/div><\/div><div class=\"vcex-list-item-text vcex-content wpex-flex-grow\">+33 4 77 52 72 80<\/div><\/div><\/a><\/div>[\/vc_column][\/vc_row][vc_row column_spacing=\u00a0\u00bb60&Prime; bg_style=\u00a0\u00bbstretch\u00a0\u00bb css=\u00a0\u00bb.vc_custom_1489785485029{padding-top: 50px !important;padding-bottom: 10px !important;}\u00a0\u00bb][vc_column width=\u00a0\u00bb2\/3&Prime;][vc_gmaps link=\u00a0\u00bb#E-8_aHR0cHMlM0ElMkYlMkZ3d3cuZ29vZ2xlLmNvbSUyRm1hcHMlMkZlbWJlZCUzRnBiJTNEJTIxMW0xOCUyMTFtMTIlMjExbTMlMjExZDI5OTYuNzIwNTA0ODAxMDY1JTIxMmQyLjAzMDY5NTE1MTA0NTA4MDYlMjEzZDQxLjMxNDk0MzUwODM0NDA4JTIxMm0zJTIxMWYwJTIxMmYwJTIxM2YwJTIxM20yJTIxMWkxMDI0JTIxMmk3NjglMjE0ZjEzLjElMjEzbTMlMjExbTIlMjExczB4MTJhNDlkODY5ZDZhMzRkZCUyNTNBMHg1MGE4MmMxN2U2MzVjYTQ2JTIxMnNDYXJyZXIlMjUyMGRlJTI1MjBsYSUyNTIwVGVjbm9sb2dpYSUyNTJDJTI1MjAyMSUyNTJDJTI1MjAwODg0MCUyNTIwVmlsYWRlY2FucyUyNTJDJTI1MjBCYXJjZWxvbmElMjUyQyUyNTIwRXNwYWduZSUyMTVlMCUyMTNtMiUyMTFzZnIlMjEyc21nJTIxNHYxNjMzNTQyODIxNzc3JTIxNW0yJTIxMXNmciUyMTJzbWc=\u00a0\u00bb size=\u00a0\u00bb330&Prime; type=\u00a0\u00bbm\u00a0\u00bb zoom=\u00a0\u00bb14&Prime;][\/vc_column][vc_column width=\u00a0\u00bb1\/3&Prime;]<h3 class=\"vcex-heading vcex-module wpex-text-2xl wpex-font-normal wpex-m-auto wpex-max-w-100 vcex-heading-plain wpex-block wpex-text-center\" style=\"color:#555555;font-weight:400;\"><span class=\"vcex-heading-inner wpex-inline-block wpex-clr\">SUCCURSALE ET ATELIER SPAGNE<\/span><\/h3><div class=\"vcex-module vcex-divider vcex-divider-solid wpex-max-w-100 wpex-mx-auto wpex-block wpex-h-0 wpex-border-b wpex-border-solid wpex-border-gray-200\" style=\"margin-top:20px;margin-bottom:20px;\"><\/div>[vc_column_text]\n<p style=\"text-align: left;\">Carrer de la Tecnologia, 21<br \/>\n08840 Viladecans, Barcelone<br \/>\nEspagne[\/vc_column_text]<div class=\"vcex-module vcex-divider vcex-divider-solid wpex-max-w-100 wpex-mx-auto wpex-block wpex-h-0 wpex-border-b wpex-border-solid wpex-border-gray-200\" style=\"margin-top:20px;margin-bottom:20px;\"><\/div><div class=\"vcex-module vcex-list_item wpex-max-w-100 wpex-clr wpex-mb-5 textcenter wpex-text-center\"><a  href=\"tel:+34934714580\" title=\"+34 934 714 580\" class=\"vcex-list-item-link wpex-no-underline\"><div class=\"vcex-list-item-inner wpex-inline-flex wpex-flex-no-wrap\"><div class=\"vcex-list-item-icon wpex-mr-10\"><div class=\"vcex-icon-wrap wpex-inline-flex wpex-justify-center wpex-items-center\" style=\"color:#4a97c2;\"><span class=\"ticon ticon-phone\"><\/span><\/div><\/div><div class=\"vcex-list-item-text vcex-content wpex-flex-grow\">+34 934 714 580<\/div><\/div><\/a><\/div>[\/vc_column][\/vc_row]\n","protected":false},"excerpt":{"rendered":"<p>[vc_row column_spacing=\u00a0\u00bb50&Prime; bg_style=\u00a0\u00bbstretch\u00a0\u00bb css=\u00a0\u00bb.vc_custom_1489785582478{padding-top: 0px !important;padding-bottom: 5px !important;}\u00a0\u00bb][vc_column][vc_empty_space][\/vc_column][\/vc_row][vc_row][vc_column width=\u00a0\u00bb1\/3&Prime;][vc_column_text text_align=\u00a0\u00bbcenter\u00a0\u00bb] Afrique et Moyen-Orient [\/vc_column_text][vc_empty_space height=\u00a0\u00bb30px\u00a0\u00bb][vc_single_image image=\u00a0\u00bb7767&Prime; img_size=\u00a0\u00bb\u00a0\u00bb alignment=\u00a0\u00bbcenter\u00a0\u00bb onclick=\u00a0\u00bbcustom_link\u00a0\u00bb link=\u00a0\u00bbmailto:abodi%40bonals.com|\u00a0\u00bb img_hover=\u00a0\u00bbgrayscale\u00a0\u00bb css=\u00a0\u00bb.vc_custom_1635437014895{border-radius: 1px !important;}\u00a0\u00bb][vc_column_text text_align=\u00a0\u00bbcenter\u00a0\u00bb] Ange Bodi [\/vc_column_text][vc_empty_space height=\u00a0\u00bb10px\u00a0\u00bb][vc_column_text text_align=\u00a0\u00bbcenter\u00a0\u00bb css=\u00a0\u00bb.vc_custom_1655192792227{margin-bottom: 0px !important;padding-top: 0px !important;padding-bottom: 0px !important;}\u00a0\u00bb line_height=\u00a0\u00bb10px\u00a0\u00bb color=\u00a0\u00bb#000000&Prime;] Email Contact Ange Bodi Phone +33 7 60 73 12 12 LinkedIn LinkedIn[\/vc_column_text][\/vc_column][vc_column width=\u00a0\u00bb1\/3&Prime;][vc_column_text text_align=\u00a0\u00bbcenter\u00a0\u00bb] Europe&hellip;<\/p>\n","protected":false},"author":1,"featured_media":0,"parent":0,"menu_order":0,"comment_status":"closed","ping_status":"closed","template":"","meta":{"_acf_changed":false,"_monsterinsights_skip_tracking":false,"_monsterinsights_sitenote_active":false,"_monsterinsights_sitenote_note":"","_monsterinsights_sitenote_category":0,"footnotes":""},"class_list":["post-8069","page","type-page","status-publish","hentry","entry","no-media"],"acf":[],"_links":{"self":[{"href":"https:\/\/www.bonals.com\/fr\/wp-json\/wp\/v2\/pages\/8069","targetHints":{"allow":["GET"]}}],"collection":[{"href":"https:\/\/www.bonals.com\/fr\/wp-json\/wp\/v2\/pages"}],"about":[{"href":"https:\/\/www.bonals.com\/fr\/wp-json\/wp\/v2\/types\/page"}],"author":[{"embeddable":true,"href":"https:\/\/www.bonals.com\/fr\/wp-json\/wp\/v2\/users\/1"}],"replies":[{"embeddable":true,"href":"https:\/\/www.bonals.com\/fr\/wp-json\/wp\/v2\/comments?post=8069"}],"version-history":[{"count":38,"href":"https:\/\/www.bonals.com\/fr\/wp-json\/wp\/v2\/pages\/8069\/revisions"}],"predecessor-version":[{"id":12868,"href":"https:\/\/www.bonals.com\/fr\/wp-json\/wp\/v2\/pages\/8069\/revisions\/12868"}],"wp:attachment":[{"href":"https:\/\/www.bonals.com\/fr\/wp-json\/wp\/v2\/media?parent=8069"}],"curies":[{"name":"wp","href":"https:\/\/api.w.org\/{rel}","templated":true}]}}