{"id":8072,"date":"2022-01-06T15:14:12","date_gmt":"2022-01-06T14:14:12","guid":{"rendered":"https:\/\/www.bonals.com\/servicios\/"},"modified":"2023-11-22T15:36:48","modified_gmt":"2023-11-22T14:36:48","slug":"servicios","status":"publish","type":"page","link":"https:\/\/www.bonals.com\/es\/servicios\/","title":{"rendered":"Servicios"},"content":{"rendered":"[vc_row full_width=\u00bbstretch_row\u00bb column_spacing=\u00bb40&#8243; tablet_fullwidth_cols=\u00bbyes\u00bb bg_style=\u00bbstretch\u00bb][vc_column]\n\t\t\t<!-- START Services REVOLUTION SLIDER 6.5.5 --><p class=\"rs-p-wp-fix\"><\/p>\n\t\t\t<rs-module-wrap id=\"rev_slider_30_1_wrapper\" data-source=\"gallery\" style=\"visibility:hidden;background:#ededed;padding:0;margin:0px auto;margin-top:0;margin-bottom:0;\">\n\t\t\t\t<rs-module id=\"rev_slider_30_1\" style=\"\" data-version=\"6.5.5\">\n\t\t\t\t\t<rs-slides>\n\t\t\t\t\t\t<rs-slide style=\"position: absolute;\" data-key=\"rs-93\" data-title=\"Slide 3\" data-duration=\"3800\" data-anim=\"ms:600;\" data-in=\"o:0;\" data-out=\"a:false;\" data-mediafilter=\"gingham\">\n\t\t\t\t\t\t\t<img decoding=\"async\" src=\"\/\/www.bonals.com\/wp-content\/plugins\/revslider\/public\/assets\/assets\/dummy.png\" title=\"bonals-technologies-services-n\" width=\"1600\" height=\"450\" class=\"rev-slidebg tp-rs-img rs-lazyload\" data-lazyload=\"\/\/www.bonals.com\/wp-content\/uploads\/2021\/10\/bonals-technologies-services-n.jpg\" data-bg=\"p:center top;\" data-no-retina>\n<!--\n\t\t\t\t\t\t\t--><rs-layer\n\t\t\t\t\t\t\t\tid=\"slider-30-slide-93-layer-0\" \n\t\t\t\t\t\t\t\tclass=\"largewhitetxt\"\n\t\t\t\t\t\t\t\tdata-type=\"text\"\n\t\t\t\t\t\t\t\tdata-color=\"rgba(255, 255, 255, 1)\"\n\t\t\t\t\t\t\t\tdata-rsp_ch=\"on\"\n\t\t\t\t\t\t\t\tdata-xy=\"x:r;xo:463px;y:c;yo:51px;\"\n\t\t\t\t\t\t\t\tdata-text=\"s:36;l:70;\"\n\t\t\t\t\t\t\t\tdata-frame_0=\"x:50px;\"\n\t\t\t\t\t\t\t\tdata-frame_1=\"e:none;st:800;sp:400;sR:800;\"\n\t\t\t\t\t\t\t\tdata-frame_999=\"st:w;sR:2600;auto:true;\"\n\t\t\t\t\t\t\t\tstyle=\"z-index:8;font-family:'Open Sans';\"\n\t\t\t\t\t\t\t> \n\t\t\t\t\t\t\t<\/rs-layer><!--\n\n\t\t\t\t\t\t\t--><rs-layer\n\t\t\t\t\t\t\t\tid=\"slider-30-slide-93-layer-1\" \n\t\t\t\t\t\t\t\tclass=\"largewhitetxt\"\n\t\t\t\t\t\t\t\tdata-type=\"text\"\n\t\t\t\t\t\t\t\tdata-color=\"#068ca9\"\n\t\t\t\t\t\t\t\tdata-rsp_ch=\"on\"\n\t\t\t\t\t\t\t\tdata-xy=\"x:c;xo:1px;y:c;yo:-41px;\"\n\t\t\t\t\t\t\t\tdata-text=\"s:32;l:50;a:center;\"\n\t\t\t\t\t\t\t\tdata-padding=\"r:15;l:15;\"\n\t\t\t\t\t\t\t\tdata-frame_0=\"x:50px;\"\n\t\t\t\t\t\t\t\tdata-frame_1=\"e:none;st:500;sp:400;sR:500;\"\n\t\t\t\t\t\t\t\tdata-frame_999=\"st:w;sR:2900;auto:true;\"\n\t\t\t\t\t\t\t\tstyle=\"z-index:9;background-color:#ffffff;font-family:'Open Sans';\"\n\t\t\t\t\t\t\t>We provide tools and expertise to help you maintain, \n\t\t\t\t\t\t\t<\/rs-layer><!--\n\n\t\t\t\t\t\t\t--><rs-layer\n\t\t\t\t\t\t\t\tid=\"slider-30-slide-93-layer-2\" \n\t\t\t\t\t\t\t\tclass=\"largewhitetxt\"\n\t\t\t\t\t\t\t\tdata-type=\"text\"\n\t\t\t\t\t\t\t\tdata-color=\"#068ca9\"\n\t\t\t\t\t\t\t\tdata-rsp_ch=\"on\"\n\t\t\t\t\t\t\t\tdata-xy=\"x:c;y:c;yo:50px;\"\n\t\t\t\t\t\t\t\tdata-text=\"s:32;l:50;\"\n\t\t\t\t\t\t\t\tdata-padding=\"r:15;l:15;\"\n\t\t\t\t\t\t\t\tdata-frame_0=\"x:50px;\"\n\t\t\t\t\t\t\t\tdata-frame_1=\"e:none;st:1100;sp:400;sR:1100;\"\n\t\t\t\t\t\t\t\tdata-frame_999=\"st:w;sR:2300;auto:true;\"\n\t\t\t\t\t\t\t\tstyle=\"z-index:10;background-color:#ffffff;font-family:'Nunito';\"\n\t\t\t\t\t\t\t>optimize and extend the life of your equipment \n\t\t\t\t\t\t\t<\/rs-layer><!--\n-->\t\t\t\t\t\t<\/rs-slide>\n\t\t\t\t\t<\/rs-slides>\n\t\t\t\t<\/rs-module>\n\t\t\t\t<script type=\"text\/javascript\">\n\t\t\t\t\tsetREVStartSize({c: 'rev_slider_30_1',rl:[1240,1024,778,480],el:[450],gw:[980],gh:[450],type:'standard',justify:'',layout:'fullwidth',mh:\"0\"});if (window.RS_MODULES!==undefined && window.RS_MODULES.modules!==undefined && window.RS_MODULES.modules[\"revslider301\"]!==undefined) {window.RS_MODULES.modules[\"revslider301\"].once = false;window.revapi30 = undefined;window.RS_MODULES.checkMinimal()}\n\t\t\t\t<\/script>\n\t\t\t<\/rs-module-wrap>\n\t\t\t<!-- END REVOLUTION SLIDER -->\n[\/vc_column][\/vc_row][vc_row full_width=\u00bbstretch_row\u00bb remove_bottom_col_margin=\u00bbtrue\u00bb bg_style=\u00bbstretch\u00bb css=\u00bb.vc_custom_1630434773987{margin-top: 20px !important;padding-top: 0px !important;}\u00bb][vc_column]<h1 class=\"vcex-heading vcex-module wpex-text-2xl wpex-font-normal wpex-m-auto wpex-max-w-100 vcex-heading-plain wpex-block wpex-text-left vc_custom_1684235939698\" style=\"color:#000000;font-size:32px;font-weight:400;\"><span class=\"vcex-heading-inner wpex-inline-block wpex-clr\">BENEF\u00cdCIESE DE NUESTROS<br \/>\nSERVICIOS INTERNACIONALES<\/span><\/h1>[vc_column_text text_align=\u00bbleft\u00bb font_weight=\u00bb300&#8243; font_size=\u00bb18px\u00bb color=\u00bb#163041&#8243;]Adem\u00e1s del desarrollo continuo de nuestras m\u00e1quinas compactadoras, ponemos un gran \u00e9nfasis en el servicio a nuestros clientes en todo el mundo.<\/p>\n<p>Actuamos como su socio de servicio para el servicio y el mantenimiento a corto y largo plazo para cumplir con los requisitos espec\u00edficos de su l\u00ednea durante todo el ciclo de vida de sus m\u00e1quinas.<\/p>\n<p>Ofrecemos una gama de servicios para proteger el tiempo de actividad de la l\u00ednea de producci\u00f3n proporcionando consultas t\u00e9cnicas locales o remotas, soporte de reparaci\u00f3n en el sitio, todo respaldado por contratos de soporte anuales y plurianuales.<\/p>\n<p>No importa d\u00f3nde se encuentre, nuestros t\u00e9cnicos de servicio pueden ayudarlo de manera r\u00e1pida y efectiva, siempre tratando de minimizar los posibles tiempos de inactividad.[\/vc_column_text][vc_empty_space height=\u00bb40px\u00bb][\/vc_column][\/vc_row][vc_row][vc_column css=\u00bb.vc_custom_1630467725049{margin-top: 30px !important;margin-bottom: 0px !important;}\u00bb]<h2 class=\"vcex-heading vcex-module wpex-text-2xl wpex-font-normal wpex-m-auto wpex-max-w-100 vcex-heading-plain wpex-block wpex-text-center vc_custom_1700663412206\" style=\"font-size:32px;font-weight:400;\"><span class=\"vcex-heading-inner wpex-inline-block wpex-clr\">Nuestros servicios de I+D<\/span><\/h2>[vc_row_inner][vc_column_inner width=\u00bb1\/2&#8243;][vc_video link=\u00bbhttps:\/\/www.youtube.com\/watch?v=_oTyLsP5wHY\u00bb el_width=\u00bb90&#8243;][\/vc_column_inner][vc_column_inner width=\u00bb1\/2&#8243;][vc_column_text]<strong>En nuestro Demo Center le ayudamos a conseguir la mejor receta para su polvo<\/strong><\/p>\n<p>Uno de nuestros muchos servicios es ayudar a los nuevos productores a iniciarse en el mercado de la compactaci\u00f3n. Por eso, nuestro equipo pone sus conocimientos y su tecnolog\u00eda al servicio de la mejor receta para la compactaci\u00f3n.[\/vc_column_text][\/vc_column_inner][\/vc_row_inner][\/vc_column][\/vc_row][vc_row][vc_column css=\u00bb.vc_custom_1630467725049{margin-top: 30px !important;margin-bottom: 0px !important;}\u00bb]<h2 class=\"vcex-heading vcex-module wpex-text-2xl wpex-font-normal wpex-m-auto wpex-max-w-100 vcex-heading-plain wpex-block wpex-text-center vc_custom_1634893573658\" style=\"font-size:32px;font-weight:400;\"><span class=\"vcex-heading-inner wpex-inline-block wpex-clr\">Apoyo t\u00e9cnico<\/span><\/h2>[vc_row_inner][vc_column_inner width=\u00bb1\/2&#8243;][vc_single_image image=\u00bb7634&#8243;][\/vc_column_inner][vc_column_inner width=\u00bb1\/2&#8243;][vc_column_text]<strong>Arranque y puesta en servicio de la m\u00e1quina<\/strong><\/p>\n<p>Nuestros expertos lo ayudan a garantizar el arranque de las m\u00e1quinas para cumplir con todos sus requisitos de producci\u00f3n.<\/p>\n<p><strong>L\u00ednea directa para soporte r\u00e1pido y eficiente<\/strong><\/p>\n<p>Nuestros t\u00e9cnicos de servicio ofrecen soporte en varios idiomas para atender sus solicitudes t\u00e9cnicas y ayudarlo a resolver cualquier problema.<\/p>\n<p><strong>Acceso a equipos remotos<\/strong><\/p>\n<p>Todos nuestros equipos est\u00e1n equipados con un sistema de acceso remoto seguro para una reactividad muy alta en caso de problemas.<\/p>\n<p><strong>Formaci\u00f3n presencial y online<\/strong><\/p>\n<p>Nuestros expertos en servicio brindan capacitaci\u00f3n a sus operadores para garantizar un uso \u00f3ptimo de su equipo durante la puesta en marcha y durante toda la vida \u00fatil de su equipo.[\/vc_column_text][\/vc_column_inner][\/vc_row_inner][\/vc_column][\/vc_row][vc_row][vc_column css=\u00bb.vc_custom_1630467725049{margin-top: 30px !important;margin-bottom: 0px !important;}\u00bb]<h2 class=\"vcex-heading vcex-module wpex-text-2xl wpex-font-normal wpex-m-auto wpex-max-w-100 vcex-heading-plain wpex-block wpex-text-center vc_custom_1634894803462\" style=\"font-size:32px;font-weight:400;\"><span class=\"vcex-heading-inner wpex-inline-block wpex-clr\">Rendimiento de activos y mejora continua<\/span><\/h2>[vc_row_inner][vc_column_inner width=\u00bb1\/2&#8243;][vc_column_text]<strong>Evaluaci\u00f3n de equipos<\/strong><\/p>\n<p>Ofrecemos una evaluaci\u00f3n completa de su l\u00ednea de producci\u00f3n para mejorar los procesos en cada paso y la eficiencia de los equipos.<\/p>\n<p><strong>Mejora continua<\/strong><\/p>\n<p>Para mantener un alto nivel de rendimiento, nuestras m\u00e1quinas necesitan inspecciones peri\u00f3dicas y pueden optimizarse a pedido para identificar puntos de mejora y anticipar posibles p\u00e9rdidas de producci\u00f3n.<\/p>\n<p><strong>Actualizaciones y equipos envejecidos<\/strong><\/p>\n<p>Dise\u00f1amos actualizaciones para extender la vida \u00fatil de su equipo. Incluso para componentes obsoletos, ofrecemos reemplazo preventivo para evitar paradas de producci\u00f3n y mantener su m\u00e1quina competitiva.<\/p>\n<p><strong>Modernizaci\u00f3n personalizada<\/strong><\/p>\n<p>Desde reparaciones simples hasta una renovaci\u00f3n completa, llevamos a cabo programas de modernizaci\u00f3n dedicados a sus necesidades y objetivos.[\/vc_column_text][\/vc_column_inner][vc_column_inner width=\u00bb1\/2&#8243;][vc_single_image image=\u00bb7636&#8243;][\/vc_column_inner][\/vc_row_inner][\/vc_column][\/vc_row][vc_row][vc_column css=\u00bb.vc_custom_1630467725049{margin-top: 30px !important;margin-bottom: 0px !important;}\u00bb]<h2 class=\"vcex-heading vcex-module wpex-text-2xl wpex-font-normal wpex-m-auto wpex-max-w-100 vcex-heading-plain wpex-block wpex-text-center vc_custom_1634895129082\" style=\"font-size:32px;font-weight:400;\"><span class=\"vcex-heading-inner wpex-inline-block wpex-clr\">Asistencia para repuestos y dispositivos<\/span><\/h2>[vc_row_inner][vc_column_inner width=\u00bb1\/2&#8243;][vc_single_image image=\u00bb7642&#8243;][\/vc_column_inner][vc_column_inner width=\u00bb1\/2&#8243;][vc_column_text]<strong>Repuestos originales<\/strong><\/p>\n<p>Nuestros repuestos originales est\u00e1n especialmente dise\u00f1ados para cumplir con las limitaciones de su p\u00f3lvora y garantizar la m\u00e1xima confiabilidad del equipo. Mantenemos las piezas en los estantes para reducir el tiempo de entrega al m\u00ednimo.<\/p>\n<p><strong>Dispositivo de asistencia de mantenimiento<\/strong><\/p>\n<p>Proporcionamos muchos dispositivos para ayudar a que sus operaciones de mantenimiento sean las m\u00e1s seguras para los operadores y las m\u00e1s r\u00e1pidas para mantener su producci\u00f3n en funcionamiento.<\/p>\n<p><strong>Safetool \u00a9<\/strong><\/p>\n<p>Hemos desarrollado Safetool \u00a9, una herramienta que permite cambiar de forma segura los punzones de una m\u00e1quina y m\u00e1s r\u00e1pido que el desmontaje manual.[\/vc_column_text][\/vc_column_inner][\/vc_row_inner][\/vc_column][\/vc_row][vc_row][vc_column][vc_empty_space][\/vc_column][\/vc_row][vc_row equal_height=\u00bbyes\u00bb el_class=\u00bbcustom-flips\u00bb css=\u00bb.vc_custom_1635072593652{margin-bottom: 0px !important;padding-bottom: 0px !important;}\u00bb][vc_column width=\u00bb1\/3&#8243; min_height=\u00bb325&#8243;]<h2 class=\"vcex-heading vcex-module wpex-text-2xl wpex-font-normal wpex-m-auto wpex-max-w-100 vcex-heading-plain wpex-block wpex-text-left\" style=\"font-size:28px;font-weight:600;\"><span class=\"vcex-heading-inner wpex-inline-block wpex-clr\">Otras soluciones<\/span><\/h2>[\/vc_column][vc_column width=\u00bb2\/3&#8243; min_height=\u00bb325&#8243; css=\u00bb.vc_custom_1635072637116{margin-bottom: 0px !important;padding-bottom: 0px !important;}\u00bb]<div class=\"vcex-module vcex-blog-grid-wrap wpex-clr\"><div class=\"wpex-row vcex-blog-grid wpex-clr entries gap-30\"><div class=\"vcex-blog-entry vcex-grid-item entry-has-details span_1_of_2 col-1 col post-12568 entry type-post has-media cat-93 cat-88 translation_priority-89\"><div class=\"vcex-blog-entry-inner entry-inner wpex-first-mt-0 wpex-last-mb-0 wpex-clr\"><div class=\"vcex-blog-entry-media entry-media\"><a href=\"https:\/\/www.bonals.com\/es\/propak_bonals\/\" title=\"Bonals Technologies estar\u00e1 en ProPak Asia Bangkok\"><img decoding=\"async\" loading=\"lazy\" class=\"vcex-blog-entry-img wpex-align-middle\" src=\"https:\/\/www.bonals.com\/wp-content\/uploads\/2024\/04\/provisional.png\" alt=\"\" width=\"1519\" height=\"1080\" \/><\/a><\/div><div class=\"vcex-blog-entry-details entry-details wpex-bordered wpex-first-mt-0 wpex-last-mb-0 wpex-clr\"><span class=\"vcex-blog-entry-title entry-title wpex-mb-5\"><a href=\"https:\/\/www.bonals.com\/es\/propak_bonals\/\">Bonals Technologies estar\u00e1 en ProPak Asia Bangkok<\/a><\/span><\/div><\/div><\/div><div class=\"vcex-blog-entry vcex-grid-item entry-has-details span_1_of_2 col-2 col post-12521 entry type-post has-media cat-93 cat-88 translation_priority-89\"><div class=\"vcex-blog-entry-inner entry-inner wpex-first-mt-0 wpex-last-mb-0 wpex-clr\"><div class=\"vcex-blog-entry-media entry-media\"><a href=\"https:\/\/www.bonals.com\/es\/p40africa\/\" title=\"Otra P40 se va a \u00c1frica!\"><img decoding=\"async\" loading=\"lazy\" class=\"vcex-blog-entry-img wpex-align-middle\" src=\"https:\/\/www.bonals.com\/wp-content\/uploads\/2024\/01\/P40_Africa-scaled.jpg\" alt=\"\" width=\"2560\" height=\"1707\" \/><\/a><\/div><div class=\"vcex-blog-entry-details entry-details wpex-bordered wpex-first-mt-0 wpex-last-mb-0 wpex-clr\"><span class=\"vcex-blog-entry-title entry-title wpex-mb-5\"><a href=\"https:\/\/www.bonals.com\/es\/p40africa\/\">Otra P40 se va a \u00c1frica!<\/a><\/span><\/div><\/div><\/div><\/div><\/div>[\/vc_column][\/vc_row][vc_row css=\u00bb.vc_custom_1635072527766{margin-top: 0px !important;padding-top: 0px !important;}\u00bb][vc_column][vc_column_text text_align=\u00bbcenter\u00bb css=\u00bb.vc_custom_1635072736007{padding-bottom: 32px !important;}\u00bb]\n<h2>Cont\u00e1ctenos<\/h2>\n[\/vc_column_text]<div role=\"form\" class=\"wpcf7\" id=\"wpcf7-f5256-o1\" lang=\"en-US\" dir=\"ltr\">\n<div class=\"screen-reader-response\"><p role=\"status\" aria-live=\"polite\" aria-atomic=\"true\"><\/p> <ul><\/ul><\/div>\n<form action=\"\/es\/wp-json\/wp\/v2\/pages\/8072#wpcf7-f5256-o1\" method=\"post\" class=\"wpcf7-form init\" novalidate=\"novalidate\" data-status=\"init\">\n<div style=\"display: none;\">\n<input type=\"hidden\" name=\"_wpcf7\" value=\"5256\" \/>\n<input type=\"hidden\" name=\"_wpcf7_version\" value=\"5.6.4\" \/>\n<input type=\"hidden\" name=\"_wpcf7_locale\" value=\"en_US\" \/>\n<input type=\"hidden\" name=\"_wpcf7_unit_tag\" value=\"wpcf7-f5256-o1\" \/>\n<input type=\"hidden\" name=\"_wpcf7_container_post\" value=\"0\" \/>\n<input type=\"hidden\" name=\"_wpcf7_posted_data_hash\" value=\"\" \/>\n<input type=\"hidden\" name=\"_wpcf7_recaptcha_response\" value=\"\" \/>\n<\/div>\n<div>\n<p>Contact us today to learn how Bonals Technologies can support your business. Fill out the form below and our experts will advise you on the best solution for your project.<\/p>\n<\/div>\n<div id=\"cf7md-form\" class=\"cf7md-form cf7md-spacing--tight\">\n\t\t\t<div class=\"mdc-layout-grid\">\n\t\t\t\t<div class=\"mdc-layout-grid__inner\">\n\t\t\t\t\t\t\t\t\t\t\n<div id=\"responsive-form\" class=\"clearfix\">\n<div class=\"form-row formpied\">\n<div class=\"form-row formpied  column-half\">\n<div class=\"formpied column-half\">\t\t\n\t\t<div class=\"cf7md-item cf7md-text mdc-layout-grid__cell mdc-layout-grid__cell--span-12\">\n\t\t\t<span class=\"wpcf7-form-control-wrap\" data-name=\"your-first-name\"><input type=\"text\" name=\"your-first-name\" value=\"\" size=\"40\" class=\"wpcf7-form-control wpcf7-text wpcf7-validates-as-required\" aria-required=\"true\" aria-invalid=\"false\" \/><\/span>\t\t\t\t\t\t<div style=\"display: none;\" class=\"cf7md-text-html\">\n\t\t\t\t<div class=\"mdc-text-field  mdc-text-field--outlined\">\n\t\t\t\t\t\n\t\t\t\t\t\t\t\t\t\t\t<div class=\"mdc-notched-outline\">\n\t\t\t\t\t\t\t<div class=\"mdc-notched-outline__leading\"><\/div>\n\t\t\t\t\t\t\t<div class=\"mdc-notched-outline__notch\">\n\t\t\t\t\t\t\t\t<label class=\"mdc-floating-label\">First name<\/label>\n\t\t\t\t\t\t\t<\/div>\n\t\t\t\t\t\t\t<div class=\"mdc-notched-outline__trailing\"><\/div>\n\t\t\t\t\t\t<\/div>\n\t\t\t\t\t\t\t\t\t<\/div>\n\t\t\t<\/div>\n\t\t<\/div>\n\t\t<\/div>\n<div class=\"formpied column-half\">\t\t\n\t\t<div class=\"cf7md-item cf7md-text mdc-layout-grid__cell mdc-layout-grid__cell--span-12\">\n\t\t\t<span class=\"wpcf7-form-control-wrap\" data-name=\"your-last-name\"><input type=\"text\" name=\"your-last-name\" value=\"\" size=\"40\" class=\"wpcf7-form-control wpcf7-text wpcf7-validates-as-required\" aria-required=\"true\" aria-invalid=\"false\" \/><\/span>\t\t\t\t\t\t<div style=\"display: none;\" class=\"cf7md-text-html\">\n\t\t\t\t<div class=\"mdc-text-field  mdc-text-field--outlined\">\n\t\t\t\t\t\n\t\t\t\t\t\t\t\t\t\t\t<div class=\"mdc-notched-outline\">\n\t\t\t\t\t\t\t<div class=\"mdc-notched-outline__leading\"><\/div>\n\t\t\t\t\t\t\t<div class=\"mdc-notched-outline__notch\">\n\t\t\t\t\t\t\t\t<label class=\"mdc-floating-label\">Last name<\/label>\n\t\t\t\t\t\t\t<\/div>\n\t\t\t\t\t\t\t<div class=\"mdc-notched-outline__trailing\"><\/div>\n\t\t\t\t\t\t<\/div>\n\t\t\t\t\t\t\t\t\t<\/div>\n\t\t\t<\/div>\n\t\t<\/div>\n\t\t<\/div>\n<div class=\"formpied column-half\">\t\t\n\t\t<div class=\"cf7md-item cf7md-text mdc-layout-grid__cell mdc-layout-grid__cell--span-12\">\n\t\t\t<span class=\"wpcf7-form-control-wrap\" data-name=\"your-company\"><input type=\"text\" name=\"your-company\" value=\"\" size=\"40\" class=\"wpcf7-form-control wpcf7-text wpcf7-validates-as-required\" aria-required=\"true\" aria-invalid=\"false\" \/><\/span>\t\t\t\t\t\t<div style=\"display: none;\" class=\"cf7md-text-html\">\n\t\t\t\t<div class=\"mdc-text-field  mdc-text-field--outlined\">\n\t\t\t\t\t\n\t\t\t\t\t\t\t\t\t\t\t<div class=\"mdc-notched-outline\">\n\t\t\t\t\t\t\t<div class=\"mdc-notched-outline__leading\"><\/div>\n\t\t\t\t\t\t\t<div class=\"mdc-notched-outline__notch\">\n\t\t\t\t\t\t\t\t<label class=\"mdc-floating-label\">Company<\/label>\n\t\t\t\t\t\t\t<\/div>\n\t\t\t\t\t\t\t<div class=\"mdc-notched-outline__trailing\"><\/div>\n\t\t\t\t\t\t<\/div>\n\t\t\t\t\t\t\t\t\t<\/div>\n\t\t\t<\/div>\n\t\t<\/div>\n\t\t<\/div>\n<div class=\"formpied column-half\"><span class=\"wpcf7-form-control-wrap\" data-name=\"zone\"><select name=\"zone\" class=\"wpcf7-form-control wpcf7-select wpcf7-validates-as-required\" aria-required=\"true\" aria-invalid=\"false\"><option value=\"Your geographic area:*\">Your geographic area:*<\/option><option value=\"Africa &amp; Middle East\">Africa &amp; Middle East<\/option><option value=\"America (north - south - central)\">America (north - south - central)<\/option><option value=\"Asia\">Asia<\/option><option value=\"Europe\">Europe<\/option><option value=\"Oceania\">Oceania<\/option><\/select><\/span><\/div>\n<div class=\"formpied column-half\">\t\t\n\t\t<div class=\"cf7md-item cf7md-text mdc-layout-grid__cell mdc-layout-grid__cell--span-12\">\n\t\t\t<span class=\"wpcf7-form-control-wrap\" data-name=\"your-email\"><input type=\"email\" name=\"your-email\" value=\"\" size=\"40\" class=\"wpcf7-form-control wpcf7-text wpcf7-email wpcf7-validates-as-required wpcf7-validates-as-email\" aria-required=\"true\" aria-invalid=\"false\" \/><\/span>\t\t\t\t\t\t<div style=\"display: none;\" class=\"cf7md-text-html\">\n\t\t\t\t<div class=\"mdc-text-field  mdc-text-field--outlined\">\n\t\t\t\t\t\n\t\t\t\t\t\t\t\t\t\t\t<div class=\"mdc-notched-outline\">\n\t\t\t\t\t\t\t<div class=\"mdc-notched-outline__leading\"><\/div>\n\t\t\t\t\t\t\t<div class=\"mdc-notched-outline__notch\">\n\t\t\t\t\t\t\t\t<label class=\"mdc-floating-label\">Email address<\/label>\n\t\t\t\t\t\t\t<\/div>\n\t\t\t\t\t\t\t<div class=\"mdc-notched-outline__trailing\"><\/div>\n\t\t\t\t\t\t<\/div>\n\t\t\t\t\t\t\t\t\t<\/div>\n\t\t\t<\/div>\n\t\t<\/div>\n\t\t<\/div>\n<div class=\"formpied column-half\">\t\t\n\t\t<div class=\"cf7md-item cf7md-text mdc-layout-grid__cell mdc-layout-grid__cell--span-12\">\n\t\t\t<span class=\"wpcf7-form-control-wrap\" data-name=\"your-phone\"><input type=\"tel\" name=\"your-phone\" value=\"\" size=\"40\" class=\"wpcf7-form-control wpcf7-text wpcf7-tel wpcf7-validates-as-required wpcf7-validates-as-tel\" aria-required=\"true\" aria-invalid=\"false\" \/><\/span>\t\t\t\t\t\t<div style=\"display: none;\" class=\"cf7md-text-html\">\n\t\t\t\t<div class=\"mdc-text-field  mdc-text-field--outlined\">\n\t\t\t\t\t\n\t\t\t\t\t\t\t\t\t\t\t<div class=\"mdc-notched-outline\">\n\t\t\t\t\t\t\t<div class=\"mdc-notched-outline__leading\"><\/div>\n\t\t\t\t\t\t\t<div class=\"mdc-notched-outline__notch\">\n\t\t\t\t\t\t\t\t<label class=\"mdc-floating-label\">Phone<\/label>\n\t\t\t\t\t\t\t<\/div>\n\t\t\t\t\t\t\t<div class=\"mdc-notched-outline__trailing\"><\/div>\n\t\t\t\t\t\t<\/div>\n\t\t\t\t\t\t\t\t\t<\/div>\n\t\t\t<\/div>\n\t\t<\/div>\n\t\t<\/div>\n<div class=\"formpied  column-full\">\n        \t\t<div class=\"cf7md-item cf7md-select mdc-layout-grid__cell mdc-layout-grid__cell--span-12\">\n\t\t\t<br \/>\n          <span class=\"wpcf7-form-control-wrap\" data-name=\"menu-397\"><select name=\"menu-397\" class=\"wpcf7-form-control wpcf7-select wpcf7-validates-as-required\" aria-required=\"true\" aria-invalid=\"false\"><option value=\"Talk to a member of our Sales team\">Talk to a member of our Sales team<\/option><option value=\"Product and account support\">Product and account support<\/option><\/select><\/span><br \/>\n        \t\t\t\t\t\t<div style=\"display: none;\" class=\"cf7md-select-html\">\n\t\t\t\t<div class=\"mdc-select  mdc-select--outlined\">\n\t\t\t\t\t\t\n\t\t\t\t\t<i class=\"mdc-select__dropdown-icon\"><\/i>\n\t\t\t\t\t\t\t\t\t\t\t<div class=\"mdc-notched-outline\">\n\t\t\t\t\t\t\t<div class=\"mdc-notched-outline__leading\"><\/div>\n\t\t\t\t\t\t\t<div class=\"mdc-notched-outline__notch\">\n\t\t\t\t\t\t\t\t<label class=\"mdc-floating-label\">Contact type<\/label>\n\t\t\t\t\t\t\t<\/div>\n\t\t\t\t\t\t\t<div class=\"mdc-notched-outline__trailing\"><\/div>\n\t\t\t\t\t\t<\/div>\n\t\t\t\t\t\t\t\t\t<\/div>\n\t\t\t<\/div>\n\t\t<\/div>\n\t\t\n      <\/div>\n<div class=\"column-full\" style=\"text-align: right\">\t\t<div class=\"cf7md-item cf7md-submit mdc-layout-grid__cell mdc-layout-grid__cell--span-12\" data-button-style=\"raised\">\n\t\t\t<input type=\"submit\" value=\"Send\" class=\"wpcf7-form-control has-spinner wpcf7-submit\" \/>\t\t\t<svg class=\"cf7md-spinner\" width=\"25px\" height=\"25px\" viewBox=\"0 0 66 66\" xmlns=\"http:\/\/www.w3.org\/2000\/svg\">\n\t\t\t\t<circle class=\"cf7md-spinner-path\" fill=\"none\" stroke-width=\"6\" stroke-linecap=\"round\" cx=\"33\" cy=\"33\" r=\"30\"><\/circle>\n\t\t\t<\/svg>\n\t\t<\/div>\n\t\t\n      <\/div>\n<\/div>\n<div class=\"form-row formpied column-half\">\n<div class=\"column-full text-area-expended\">\n\t\t<div class=\"cf7md-item cf7md-textarea mdc-layout-grid__cell mdc-layout-grid__cell--span-12 cf7md-textarea-autosize\">\n\t\t\t<span class=\"wpcf7-form-control-wrap\" data-name=\"your-message\"><textarea name=\"your-message\" cols=\"40\" rows=\"10\" class=\"wpcf7-form-control wpcf7-textarea wpcf7-validates-as-required\" aria-required=\"true\" aria-invalid=\"false\"><\/textarea><\/span>\t\t\t\t\t\t<div style=\"display: none;\" class=\"cf7md-text-html\">\n\t\t\t\t<div class=\"mdc-text-field  mdc-text-field--textarea\">\n\t\t\t\t\t\t\t\t\t\t<div class=\"mdc-notched-outline\">\n\t\t\t\t\t\t<div class=\"mdc-notched-outline__leading\"><\/div>\n\t\t\t\t\t\t<div class=\"mdc-notched-outline__notch\">\n\t\t\t\t\t\t\t<label class=\"mdc-floating-label\">Message<\/label>\n\t\t\t\t\t\t<\/div>\n\t\t\t\t\t\t<div class=\"mdc-notched-outline__trailing\"><\/div>\n\t\t\t\t\t<\/div>\n\t\t\t\t<\/div>\n\t\t\t<\/div>\n\t\t<\/div>\n\t\t<\/div>\n<\/div>\n<\/div>\n<\/div>\n\t\t\t\t\t\t\t\t\t<\/div>\n\t\t\t<\/div>\n\t\t<\/div>\n<div class=\"inv-recaptcha-holder\"><\/div><div class=\"wpcf7-response-output\" aria-hidden=\"true\"><\/div><\/form><\/div>[\/vc_column][\/vc_row]\n","protected":false},"excerpt":{"rendered":"<p>[vc_row full_width=\u00bbstretch_row\u00bb column_spacing=\u00bb40&#8243; tablet_fullwidth_cols=\u00bbyes\u00bb bg_style=\u00bbstretch\u00bb][vc_column][\/vc_column][\/vc_row][vc_row full_width=\u00bbstretch_row\u00bb remove_bottom_col_margin=\u00bbtrue\u00bb bg_style=\u00bbstretch\u00bb css=\u00bb.vc_custom_1630434773987{margin-top: 20px !important;padding-top: 0px !important;}\u00bb][vc_column][vc_column_text text_align=\u00bbleft\u00bb font_weight=\u00bb300&#8243; font_size=\u00bb18px\u00bb color=\u00bb#163041&#8243;]Adem\u00e1s del desarrollo continuo de nuestras m\u00e1quinas compactadoras, ponemos un gran \u00e9nfasis en el servicio a nuestros clientes en todo el mundo. Actuamos como su socio de servicio para el servicio y el mantenimiento a corto y largo plazo&hellip;<\/p>\n","protected":false},"author":1,"featured_media":0,"parent":0,"menu_order":0,"comment_status":"closed","ping_status":"closed","template":"","meta":{"_acf_changed":false,"_monsterinsights_skip_tracking":false,"_monsterinsights_sitenote_active":false,"_monsterinsights_sitenote_note":"","_monsterinsights_sitenote_category":0,"footnotes":""},"class_list":["post-8072","page","type-page","status-publish","hentry","entry","has-media"],"acf":[],"_links":{"self":[{"href":"https:\/\/www.bonals.com\/es\/wp-json\/wp\/v2\/pages\/8072","targetHints":{"allow":["GET"]}}],"collection":[{"href":"https:\/\/www.bonals.com\/es\/wp-json\/wp\/v2\/pages"}],"about":[{"href":"https:\/\/www.bonals.com\/es\/wp-json\/wp\/v2\/types\/page"}],"author":[{"embeddable":true,"href":"https:\/\/www.bonals.com\/es\/wp-json\/wp\/v2\/users\/1"}],"replies":[{"embeddable":true,"href":"https:\/\/www.bonals.com\/es\/wp-json\/wp\/v2\/comments?post=8072"}],"version-history":[{"count":6,"href":"https:\/\/www.bonals.com\/es\/wp-json\/wp\/v2\/pages\/8072\/revisions"}],"predecessor-version":[{"id":12485,"href":"https:\/\/www.bonals.com\/es\/wp-json\/wp\/v2\/pages\/8072\/revisions\/12485"}],"wp:attachment":[{"href":"https:\/\/www.bonals.com\/es\/wp-json\/wp\/v2\/media?parent=8072"}],"curies":[{"name":"wp","href":"https:\/\/api.w.org\/{rel}","templated":true}]}}